{"id":5946,"date":"2025-09-26T07:43:13","date_gmt":"2025-09-26T05:43:13","guid":{"rendered":"https:\/\/rostudio.lv\/shop\/240925\/"},"modified":"2026-04-02T15:22:49","modified_gmt":"2026-04-02T13:22:49","slug":"240925","status":"publish","type":"product","link":"https:\/\/rostudio.lv\/lv\/shop\/240925\/","title":{"rendered":"240925"},"content":{"rendered":"","protected":false},"excerpt":{"rendered":"<p>l\u012bdzsvara objekts, rad\u012bts n\u0113s\u0101\u0161anai k\u0101 m\u0101ksla \u2014 l\u012bnija un izliekums \u2014 sudrab\u0101 atainota vienk\u0101r\u0161\u012bba<br \/>\ndrosm\u012bgs, ta\u010du izsmalcin\u0101ts, \u0161is sterlinga sudraba gredzens nes \u0123eometrijas eleganci t\u0101s t\u012br\u0101kaj\u0101 form\u0101___<\/p>\n","protected":false},"featured_media":5951,"template":"","meta":[],"product_brand":[],"product_cat":[180,177],"product_tag":[],"class_list":{"0":"post-5946","1":"product","2":"type-product","3":"status-publish","4":"has-post-thumbnail","6":"product_cat-gredzeni","7":"product_cat-visas-rotaslietas","9":"first","10":"instock","11":"sold-individually","12":"taxable","13":"shipping-taxable","14":"purchasable","15":"product-type-variable","16":"layout-style-2","17":"col-md-4 col-sm-4 col-xs-6","18":"col-lg-3","19":"product-style-quickview"},"_links":{"self":[{"href":"https:\/\/rostudio.lv\/lv\/wp-json\/wp\/v2\/product\/5946","targetHints":{"allow":["GET"]}}],"collection":[{"href":"https:\/\/rostudio.lv\/lv\/wp-json\/wp\/v2\/product"}],"about":[{"href":"https:\/\/rostudio.lv\/lv\/wp-json\/wp\/v2\/types\/product"}],"wp:featuredmedia":[{"embeddable":true,"href":"https:\/\/rostudio.lv\/lv\/wp-json\/wp\/v2\/media\/5951"}],"wp:attachment":[{"href":"https:\/\/rostudio.lv\/lv\/wp-json\/wp\/v2\/media?parent=5946"}],"wp:term":[{"taxonomy":"product_brand","embeddable":true,"href":"https:\/\/rostudio.lv\/lv\/wp-json\/wp\/v2\/product_brand?post=5946"},{"taxonomy":"product_cat","embeddable":true,"href":"https:\/\/rostudio.lv\/lv\/wp-json\/wp\/v2\/product_cat?post=5946"},{"taxonomy":"product_tag","embeddable":true,"href":"https:\/\/rostudio.lv\/lv\/wp-json\/wp\/v2\/product_tag?post=5946"}],"curies":[{"name":"wp","href":"https:\/\/api.w.org\/{rel}","templated":true}]}}