{"id":5939,"date":"2025-09-26T13:17:05","date_gmt":"2025-09-26T11:17:05","guid":{"rendered":"https:\/\/rostudio.lv\/shop\/apzeltiti-umbrella-auskari\/"},"modified":"2026-03-03T14:52:06","modified_gmt":"2026-03-03T12:52:06","slug":"apzeltiti-umbrella-auskari","status":"publish","type":"product","link":"https:\/\/rostudio.lv\/lv\/shop\/apzeltiti-umbrella-auskari\/","title":{"rendered":"UMBRELLA ar zelta p\u0101rkl\u0101jumu"},"content":{"rendered":"","protected":false},"excerpt":{"rendered":"<p>drosm\u012bgs minim\u0101lisms ar pl\u016bsto\u0161\u0101m, t\u012br\u0101m l\u012bnij\u0101m<\/p>\n<p>\u0161ie lielizm\u0113ra kupolveida auskari ne\u010dukst, bet gan rezon\u0113  <\/p>\n","protected":false},"featured_media":5942,"template":"","meta":[],"product_brand":[],"product_cat":[187,177],"product_tag":[],"class_list":{"0":"post-5939","1":"product","2":"type-product","3":"status-publish","4":"has-post-thumbnail","6":"product_cat-auskari","7":"product_cat-visas-rotaslietas","9":"first","10":"instock","11":"featured","12":"sold-individually","13":"taxable","14":"shipping-taxable","15":"purchasable","16":"product-type-variable","17":"has-default-attributes","18":"layout-style-2","19":"col-md-4 col-sm-4 col-xs-6","20":"col-lg-3","21":"product-style-quickview"},"_links":{"self":[{"href":"https:\/\/rostudio.lv\/lv\/wp-json\/wp\/v2\/product\/5939","targetHints":{"allow":["GET"]}}],"collection":[{"href":"https:\/\/rostudio.lv\/lv\/wp-json\/wp\/v2\/product"}],"about":[{"href":"https:\/\/rostudio.lv\/lv\/wp-json\/wp\/v2\/types\/product"}],"wp:featuredmedia":[{"embeddable":true,"href":"https:\/\/rostudio.lv\/lv\/wp-json\/wp\/v2\/media\/5942"}],"wp:attachment":[{"href":"https:\/\/rostudio.lv\/lv\/wp-json\/wp\/v2\/media?parent=5939"}],"wp:term":[{"taxonomy":"product_brand","embeddable":true,"href":"https:\/\/rostudio.lv\/lv\/wp-json\/wp\/v2\/product_brand?post=5939"},{"taxonomy":"product_cat","embeddable":true,"href":"https:\/\/rostudio.lv\/lv\/wp-json\/wp\/v2\/product_cat?post=5939"},{"taxonomy":"product_tag","embeddable":true,"href":"https:\/\/rostudio.lv\/lv\/wp-json\/wp\/v2\/product_tag?post=5939"}],"curies":[{"name":"wp","href":"https:\/\/api.w.org\/{rel}","templated":true}]}}