{"id":5923,"date":"2025-10-02T17:07:14","date_gmt":"2025-10-02T15:07:14","guid":{"rendered":"https:\/\/rostudio.lv\/shop\/221022\/"},"modified":"2026-04-02T15:07:57","modified_gmt":"2026-04-02T13:07:57","slug":"221022","status":"publish","type":"product","link":"https:\/\/rostudio.lv\/lv\/shop\/221022\/","title":{"rendered":"221022"},"content":{"rendered":"","protected":false},"excerpt":{"rendered":"<p>___sp\u0113c\u012bgs, grafisks, neaizmirstams<\/p>\n<p>drosm\u012bga kontrasta un simetrijas kompoz\u012bcija \u2014 \u0161is kvadr\u0101tveida gredzens ier\u0101m\u0113 pul\u0113tu oniksu un mirdzo\u0161u ka\u0161olonga op\u0101lu paman\u0101m\u0101 dambretes rakst\u0101<\/p>\n","protected":false},"featured_media":5927,"template":"","meta":[],"product_brand":[],"product_cat":[180,177],"product_tag":[],"class_list":{"0":"post-5923","1":"product","2":"type-product","3":"status-publish","4":"has-post-thumbnail","6":"product_cat-gredzeni","7":"product_cat-visas-rotaslietas","9":"first","10":"instock","11":"sold-individually","12":"taxable","13":"shipping-taxable","14":"purchasable","15":"product-type-variable","16":"has-default-attributes","17":"layout-style-2","18":"col-md-4 col-sm-4 col-xs-6","19":"col-lg-3","20":"product-style-quickview"},"_links":{"self":[{"href":"https:\/\/rostudio.lv\/lv\/wp-json\/wp\/v2\/product\/5923","targetHints":{"allow":["GET"]}}],"collection":[{"href":"https:\/\/rostudio.lv\/lv\/wp-json\/wp\/v2\/product"}],"about":[{"href":"https:\/\/rostudio.lv\/lv\/wp-json\/wp\/v2\/types\/product"}],"wp:featuredmedia":[{"embeddable":true,"href":"https:\/\/rostudio.lv\/lv\/wp-json\/wp\/v2\/media\/5927"}],"wp:attachment":[{"href":"https:\/\/rostudio.lv\/lv\/wp-json\/wp\/v2\/media?parent=5923"}],"wp:term":[{"taxonomy":"product_brand","embeddable":true,"href":"https:\/\/rostudio.lv\/lv\/wp-json\/wp\/v2\/product_brand?post=5923"},{"taxonomy":"product_cat","embeddable":true,"href":"https:\/\/rostudio.lv\/lv\/wp-json\/wp\/v2\/product_cat?post=5923"},{"taxonomy":"product_tag","embeddable":true,"href":"https:\/\/rostudio.lv\/lv\/wp-json\/wp\/v2\/product_tag?post=5923"}],"curies":[{"name":"wp","href":"https:\/\/api.w.org\/{rel}","templated":true}]}}