{"id":5848,"date":"2021-09-12T21:54:51","date_gmt":"2021-09-12T19:54:51","guid":{"rendered":"https:\/\/rostudio.lv\/shop\/201250\/"},"modified":"2021-09-12T21:54:51","modified_gmt":"2021-09-12T19:54:51","slug":"201250","status":"publish","type":"product","link":"https:\/\/rostudio.lv\/lv\/shop\/201250\/","title":{"rendered":"201250"},"content":{"rendered":"","protected":false},"excerpt":{"rendered":"<p>Minim\u0101listisks dizains, maksim\u0101la elegance<\/p>\n<p>Taiti p\u0113rle, iet\u012bta sudrab\u0101<\/p>\n<p>___saska\u0146ojiet ar m\u016bsu <a href=\"https:\/\/rostudio.lv\/shop\/120921\/\">120921<\/a> gredzenu<\/p>\n","protected":false},"featured_media":2532,"template":"","meta":[],"product_brand":[],"product_cat":[187,177],"product_tag":[],"class_list":{"0":"post-5848","1":"product","2":"type-product","3":"status-publish","4":"has-post-thumbnail","6":"product_cat-auskari","7":"product_cat-visas-rotaslietas","9":"first","10":"instock","11":"sold-individually","12":"taxable","13":"shipping-taxable","14":"purchasable","15":"product-type-variable","16":"has-default-attributes","17":"layout-style-2","18":"col-md-4 col-sm-4 col-xs-6","19":"col-lg-3","20":"product-style-quickview"},"_links":{"self":[{"href":"https:\/\/rostudio.lv\/lv\/wp-json\/wp\/v2\/product\/5848","targetHints":{"allow":["GET"]}}],"collection":[{"href":"https:\/\/rostudio.lv\/lv\/wp-json\/wp\/v2\/product"}],"about":[{"href":"https:\/\/rostudio.lv\/lv\/wp-json\/wp\/v2\/types\/product"}],"wp:featuredmedia":[{"embeddable":true,"href":"https:\/\/rostudio.lv\/lv\/wp-json\/wp\/v2\/media\/2532"}],"wp:attachment":[{"href":"https:\/\/rostudio.lv\/lv\/wp-json\/wp\/v2\/media?parent=5848"}],"wp:term":[{"taxonomy":"product_brand","embeddable":true,"href":"https:\/\/rostudio.lv\/lv\/wp-json\/wp\/v2\/product_brand?post=5848"},{"taxonomy":"product_cat","embeddable":true,"href":"https:\/\/rostudio.lv\/lv\/wp-json\/wp\/v2\/product_cat?post=5848"},{"taxonomy":"product_tag","embeddable":true,"href":"https:\/\/rostudio.lv\/lv\/wp-json\/wp\/v2\/product_tag?post=5848"}],"curies":[{"name":"wp","href":"https:\/\/api.w.org\/{rel}","templated":true}]}}