{"id":5820,"date":"2022-03-19T13:01:50","date_gmt":"2022-03-19T11:01:50","guid":{"rendered":"https:\/\/rostudio.lv\/shop\/091090\/"},"modified":"2022-03-19T13:01:50","modified_gmt":"2022-03-19T11:01:50","slug":"091090","status":"publish","type":"product","link":"https:\/\/rostudio.lv\/lv\/shop\/091090\/","title":{"rendered":"091090"},"content":{"rendered":"","protected":false},"excerpt":{"rendered":"<p>t\u012brs, drosm\u012bgs pazi\u0146ojums<\/p>\n<p>30 mm apa\u013c\u0161 onikss, kas iestr\u0101d\u0101ts ar zeltu p\u0101rkl\u0101t\u0101 sudrab\u0101<\/p>\n","protected":false},"featured_media":2925,"template":"","meta":[],"product_brand":[],"product_cat":[180,177],"product_tag":[],"class_list":{"0":"post-5820","1":"product","2":"type-product","3":"status-publish","4":"has-post-thumbnail","6":"product_cat-gredzeni","7":"product_cat-visas-rotaslietas","9":"first","10":"instock","11":"sold-individually","12":"taxable","13":"shipping-taxable","14":"purchasable","15":"product-type-variable","16":"layout-style-2","17":"col-md-4 col-sm-4 col-xs-6","18":"col-lg-3","19":"product-style-quickview"},"_links":{"self":[{"href":"https:\/\/rostudio.lv\/lv\/wp-json\/wp\/v2\/product\/5820","targetHints":{"allow":["GET"]}}],"collection":[{"href":"https:\/\/rostudio.lv\/lv\/wp-json\/wp\/v2\/product"}],"about":[{"href":"https:\/\/rostudio.lv\/lv\/wp-json\/wp\/v2\/types\/product"}],"wp:featuredmedia":[{"embeddable":true,"href":"https:\/\/rostudio.lv\/lv\/wp-json\/wp\/v2\/media\/2925"}],"wp:attachment":[{"href":"https:\/\/rostudio.lv\/lv\/wp-json\/wp\/v2\/media?parent=5820"}],"wp:term":[{"taxonomy":"product_brand","embeddable":true,"href":"https:\/\/rostudio.lv\/lv\/wp-json\/wp\/v2\/product_brand?post=5820"},{"taxonomy":"product_cat","embeddable":true,"href":"https:\/\/rostudio.lv\/lv\/wp-json\/wp\/v2\/product_cat?post=5820"},{"taxonomy":"product_tag","embeddable":true,"href":"https:\/\/rostudio.lv\/lv\/wp-json\/wp\/v2\/product_tag?post=5820"}],"curies":[{"name":"wp","href":"https:\/\/api.w.org\/{rel}","templated":true}]}}