{"id":5818,"date":"2025-05-27T12:47:56","date_gmt":"2025-05-27T10:47:56","guid":{"rendered":"https:\/\/rostudio.lv\/shop\/auskars-l\/"},"modified":"2025-05-27T12:47:56","modified_gmt":"2025-05-27T10:47:56","slug":"auskars-l","status":"publish","type":"product","link":"https:\/\/rostudio.lv\/lv\/shop\/auskars-l\/","title":{"rendered":"AUSKARS | L"},"content":{"rendered":"","protected":false},"excerpt":{"rendered":"<p>minim\u0101la forma un izteiksm\u012bga kl\u0101tb\u016btne<\/p>\n<p>ass minim\u0101lisma pav\u0113rsiens ___\u0161is izteiksm\u012bgais, cauru\u013cveida auskars aptver j\u016bsu ausi v\u0113s\u0101, t\u012br\u0101 met\u0101l\u0101. nav nepiecie\u0161ams p\u012brsings, tikai attieksme. piegu\u013c cie\u0161i. \u0161\u0137iet viegls. izskat\u0101s neparasti.    <span class=\"Apple-converted-space\"> <\/span><\/p>\n","protected":false},"featured_media":3549,"template":"","meta":[],"product_brand":[],"product_cat":[187,232,177],"product_tag":[],"class_list":{"0":"post-5818","1":"product","2":"type-product","3":"status-publish","4":"has-post-thumbnail","6":"product_cat-auskari","7":"product_cat-auss-aproces","8":"product_cat-visas-rotaslietas","10":"first","11":"instock","12":"sold-individually","13":"taxable","14":"shipping-taxable","15":"purchasable","16":"product-type-variable","17":"has-default-attributes","18":"layout-style-2","19":"col-md-4 col-sm-4 col-xs-6","20":"col-lg-3","21":"product-style-quickview"},"_links":{"self":[{"href":"https:\/\/rostudio.lv\/lv\/wp-json\/wp\/v2\/product\/5818","targetHints":{"allow":["GET"]}}],"collection":[{"href":"https:\/\/rostudio.lv\/lv\/wp-json\/wp\/v2\/product"}],"about":[{"href":"https:\/\/rostudio.lv\/lv\/wp-json\/wp\/v2\/types\/product"}],"wp:featuredmedia":[{"embeddable":true,"href":"https:\/\/rostudio.lv\/lv\/wp-json\/wp\/v2\/media\/3549"}],"wp:attachment":[{"href":"https:\/\/rostudio.lv\/lv\/wp-json\/wp\/v2\/media?parent=5818"}],"wp:term":[{"taxonomy":"product_brand","embeddable":true,"href":"https:\/\/rostudio.lv\/lv\/wp-json\/wp\/v2\/product_brand?post=5818"},{"taxonomy":"product_cat","embeddable":true,"href":"https:\/\/rostudio.lv\/lv\/wp-json\/wp\/v2\/product_cat?post=5818"},{"taxonomy":"product_tag","embeddable":true,"href":"https:\/\/rostudio.lv\/lv\/wp-json\/wp\/v2\/product_tag?post=5818"}],"curies":[{"name":"wp","href":"https:\/\/api.w.org\/{rel}","templated":true}]}}