{"id":5816,"date":"2025-05-27T13:20:40","date_gmt":"2025-05-27T11:20:40","guid":{"rendered":"https:\/\/rostudio.lv\/shop\/auskaru-komplekts-umbrella\/"},"modified":"2026-02-24T12:25:45","modified_gmt":"2026-02-24T10:25:45","slug":"auskaru-komplekts-umbrella","status":"publish","type":"product","link":"https:\/\/rostudio.lv\/lv\/shop\/auskaru-komplekts-umbrella\/","title":{"rendered":"UMBRELLA"},"content":{"rendered":"","protected":false},"excerpt":{"rendered":"<p>drosm\u012bgs minim\u0101lisms ar pl\u016bsto\u0161\u0101m, t\u012br\u0101m l\u012bnij\u0101m<\/p>\n<p>\u0161ie lielizm\u0113ra kupolveida auskari ne\u010dukst, bet gan rezon\u0113  <\/p>\n","protected":false},"featured_media":4229,"template":"","meta":[],"product_brand":[],"product_cat":[187,177],"product_tag":[],"class_list":{"0":"post-5816","1":"product","2":"type-product","3":"status-publish","4":"has-post-thumbnail","6":"product_cat-auskari","7":"product_cat-visas-rotaslietas","9":"first","10":"instock","11":"featured","12":"sold-individually","13":"taxable","14":"shipping-taxable","15":"purchasable","16":"product-type-variable","17":"has-default-attributes","18":"layout-style-2","19":"col-md-4 col-sm-4 col-xs-6","20":"col-lg-3","21":"product-style-quickview"},"_links":{"self":[{"href":"https:\/\/rostudio.lv\/lv\/wp-json\/wp\/v2\/product\/5816","targetHints":{"allow":["GET"]}}],"collection":[{"href":"https:\/\/rostudio.lv\/lv\/wp-json\/wp\/v2\/product"}],"about":[{"href":"https:\/\/rostudio.lv\/lv\/wp-json\/wp\/v2\/types\/product"}],"wp:featuredmedia":[{"embeddable":true,"href":"https:\/\/rostudio.lv\/lv\/wp-json\/wp\/v2\/media\/4229"}],"wp:attachment":[{"href":"https:\/\/rostudio.lv\/lv\/wp-json\/wp\/v2\/media?parent=5816"}],"wp:term":[{"taxonomy":"product_brand","embeddable":true,"href":"https:\/\/rostudio.lv\/lv\/wp-json\/wp\/v2\/product_brand?post=5816"},{"taxonomy":"product_cat","embeddable":true,"href":"https:\/\/rostudio.lv\/lv\/wp-json\/wp\/v2\/product_cat?post=5816"},{"taxonomy":"product_tag","embeddable":true,"href":"https:\/\/rostudio.lv\/lv\/wp-json\/wp\/v2\/product_tag?post=5816"}],"curies":[{"name":"wp","href":"https:\/\/api.w.org\/{rel}","templated":true}]}}