{"id":5802,"date":"2025-07-31T11:39:25","date_gmt":"2025-07-31T09:39:25","guid":{"rendered":"https:\/\/rostudio.lv\/shop\/aproce-wire\/"},"modified":"2025-07-31T11:39:25","modified_gmt":"2025-07-31T09:39:25","slug":"aproce-wire","status":"publish","type":"product","link":"https:\/\/rostudio.lv\/lv\/shop\/aproce-wire\/","title":{"rendered":"Aproce WIRE"},"content":{"rendered":"","protected":false},"excerpt":{"rendered":"<p>izteiksm\u012bgs elements, kas izpludina robe\u017eu starp eleganci un dumpinieciskumu.<\/p>\n<p>Ar rok\u0101m darin\u0101ts no sudraba, kas run\u0101 daudz \u2013 ass, sav\u012bts, nepiedodams.<\/p>\n","protected":false},"featured_media":3575,"template":"","meta":[],"product_brand":[],"product_cat":[217,177],"product_tag":[],"class_list":{"0":"post-5802","1":"product","2":"type-product","3":"status-publish","4":"has-post-thumbnail","6":"product_cat-aproces","7":"product_cat-visas-rotaslietas","9":"first","10":"instock","11":"featured","12":"sold-individually","13":"taxable","14":"shipping-taxable","15":"purchasable","16":"product-type-variable","17":"layout-style-2","18":"col-md-4 col-sm-4 col-xs-6","19":"col-lg-3","20":"product-style-quickview"},"_links":{"self":[{"href":"https:\/\/rostudio.lv\/lv\/wp-json\/wp\/v2\/product\/5802","targetHints":{"allow":["GET"]}}],"collection":[{"href":"https:\/\/rostudio.lv\/lv\/wp-json\/wp\/v2\/product"}],"about":[{"href":"https:\/\/rostudio.lv\/lv\/wp-json\/wp\/v2\/types\/product"}],"wp:featuredmedia":[{"embeddable":true,"href":"https:\/\/rostudio.lv\/lv\/wp-json\/wp\/v2\/media\/3575"}],"wp:attachment":[{"href":"https:\/\/rostudio.lv\/lv\/wp-json\/wp\/v2\/media?parent=5802"}],"wp:term":[{"taxonomy":"product_brand","embeddable":true,"href":"https:\/\/rostudio.lv\/lv\/wp-json\/wp\/v2\/product_brand?post=5802"},{"taxonomy":"product_cat","embeddable":true,"href":"https:\/\/rostudio.lv\/lv\/wp-json\/wp\/v2\/product_cat?post=5802"},{"taxonomy":"product_tag","embeddable":true,"href":"https:\/\/rostudio.lv\/lv\/wp-json\/wp\/v2\/product_tag?post=5802"}],"curies":[{"name":"wp","href":"https:\/\/api.w.org\/{rel}","templated":true}]}}