{"id":5784,"date":"2025-08-20T17:10:27","date_gmt":"2025-08-20T15:10:27","guid":{"rendered":"https:\/\/rostudio.lv\/shop\/241250\/"},"modified":"2025-08-20T17:10:27","modified_gmt":"2025-08-20T15:10:27","slug":"241250","status":"publish","type":"product","link":"https:\/\/rostudio.lv\/lv\/shop\/241250\/","title":{"rendered":"241250"},"content":{"rendered":"","protected":false},"excerpt":{"rendered":"<p>m\u016bsu vislab\u0101k p\u0101rdotie sudraba (925\u00b0) auskari nav tikai aksesu\u0101ri \u2014 tie ir pazi\u0146ojumi.<span class=\"Apple-converted-space\"> <\/span><\/p>\n<p>drosm\u012bgs, ass un bez atvaino\u0161an\u0101s ___ tiem piem\u012bt t\u0101da priek\u0161roc\u012bba, ko pat visiztur\u012bg\u0101kie pui\u0161i nevar neapbr\u012bnot.<span class=\"Apple-converted-space\"> <\/span><\/p>\n","protected":false},"featured_media":3597,"template":"","meta":[],"product_brand":[],"product_cat":[187,177],"product_tag":[],"class_list":{"0":"post-5784","1":"product","2":"type-product","3":"status-publish","4":"has-post-thumbnail","6":"product_cat-auskari","7":"product_cat-visas-rotaslietas","9":"first","10":"instock","11":"sold-individually","12":"taxable","13":"shipping-taxable","14":"purchasable","15":"product-type-variable","16":"has-default-attributes","17":"layout-style-2","18":"col-md-4 col-sm-4 col-xs-6","19":"col-lg-3","20":"product-style-quickview"},"_links":{"self":[{"href":"https:\/\/rostudio.lv\/lv\/wp-json\/wp\/v2\/product\/5784","targetHints":{"allow":["GET"]}}],"collection":[{"href":"https:\/\/rostudio.lv\/lv\/wp-json\/wp\/v2\/product"}],"about":[{"href":"https:\/\/rostudio.lv\/lv\/wp-json\/wp\/v2\/types\/product"}],"wp:featuredmedia":[{"embeddable":true,"href":"https:\/\/rostudio.lv\/lv\/wp-json\/wp\/v2\/media\/3597"}],"wp:attachment":[{"href":"https:\/\/rostudio.lv\/lv\/wp-json\/wp\/v2\/media?parent=5784"}],"wp:term":[{"taxonomy":"product_brand","embeddable":true,"href":"https:\/\/rostudio.lv\/lv\/wp-json\/wp\/v2\/product_brand?post=5784"},{"taxonomy":"product_cat","embeddable":true,"href":"https:\/\/rostudio.lv\/lv\/wp-json\/wp\/v2\/product_cat?post=5784"},{"taxonomy":"product_tag","embeddable":true,"href":"https:\/\/rostudio.lv\/lv\/wp-json\/wp\/v2\/product_tag?post=5784"}],"curies":[{"name":"wp","href":"https:\/\/api.w.org\/{rel}","templated":true}]}}