{"id":5774,"date":"2025-08-25T21:57:20","date_gmt":"2025-08-25T19:57:20","guid":{"rendered":"https:\/\/rostudio.lv\/shop\/abc-kulons\/"},"modified":"2025-08-25T21:57:20","modified_gmt":"2025-08-25T19:57:20","slug":"abc-kulons","status":"publish","type":"product","link":"https:\/\/rostudio.lv\/lv\/shop\/abc-kulons\/","title":{"rendered":"ABC kulons"},"content":{"rendered":"","protected":false},"excerpt":{"rendered":"<p>katrs burta kulons ir ar rok\u0101m veidots no sudraba, un tam ir sava nepiln\u012bg\u0101 mala un nevald\u0101m\u0101 tekst\u016bra \u2014 n\u0113s\u0101jiet savu st\u0101stu \u2014 v\u0101rdu, v\u0101rdu vai tikai vienu burtu, kas \u0161\u0137iet k\u0101 j\u016bs<\/p>\n<p>\/\/ sudraba \u0137\u0113d\u012btes nav iek\u013cautas un j\u0101ieg\u0101d\u0101jas atsevi\u0161\u0137i<\/p>\n","protected":false},"featured_media":3617,"template":"","meta":[],"product_brand":[],"product_cat":[214,177],"product_tag":[],"class_list":{"0":"post-5774","1":"product","2":"type-product","3":"status-publish","4":"has-post-thumbnail","6":"product_cat-kuloni","7":"product_cat-visas-rotaslietas","9":"first","10":"instock","11":"sold-individually","12":"taxable","13":"shipping-taxable","14":"purchasable","15":"product-type-variable","16":"layout-style-2","17":"col-md-4 col-sm-4 col-xs-6","18":"col-lg-3","19":"product-style-quickview"},"_links":{"self":[{"href":"https:\/\/rostudio.lv\/lv\/wp-json\/wp\/v2\/product\/5774","targetHints":{"allow":["GET"]}}],"collection":[{"href":"https:\/\/rostudio.lv\/lv\/wp-json\/wp\/v2\/product"}],"about":[{"href":"https:\/\/rostudio.lv\/lv\/wp-json\/wp\/v2\/types\/product"}],"wp:featuredmedia":[{"embeddable":true,"href":"https:\/\/rostudio.lv\/lv\/wp-json\/wp\/v2\/media\/3617"}],"wp:attachment":[{"href":"https:\/\/rostudio.lv\/lv\/wp-json\/wp\/v2\/media?parent=5774"}],"wp:term":[{"taxonomy":"product_brand","embeddable":true,"href":"https:\/\/rostudio.lv\/lv\/wp-json\/wp\/v2\/product_brand?post=5774"},{"taxonomy":"product_cat","embeddable":true,"href":"https:\/\/rostudio.lv\/lv\/wp-json\/wp\/v2\/product_cat?post=5774"},{"taxonomy":"product_tag","embeddable":true,"href":"https:\/\/rostudio.lv\/lv\/wp-json\/wp\/v2\/product_tag?post=5774"}],"curies":[{"name":"wp","href":"https:\/\/api.w.org\/{rel}","templated":true}]}}