{"id":5768,"date":"2025-08-25T11:23:50","date_gmt":"2025-08-25T09:23:50","guid":{"rendered":"https:\/\/rostudio.lv\/shop\/gredzens-lunar-surface\/"},"modified":"2026-02-24T12:37:55","modified_gmt":"2026-02-24T10:37:55","slug":"gredzens-lunar-surface","status":"publish","type":"product","link":"https:\/\/rostudio.lv\/lv\/shop\/gredzens-lunar-surface\/","title":{"rendered":"gredzens LUNAR SURFACE"},"content":{"rendered":"","protected":false},"excerpt":{"rendered":"<p>izteiksm\u012bgs gredzens no sudraba (925\u00b0), kas veidots ar neapstr\u0101d\u0101t\u0101m, organisk\u0101m tekst\u016br\u0101m, atspogu\u013cojot M\u0113ness virsmu nel\u012bdzeno skaistumu<\/p>\n","protected":false},"featured_media":5773,"template":"","meta":[],"product_brand":[],"product_cat":[180,177],"product_tag":[],"class_list":{"0":"post-5768","1":"product","2":"type-product","3":"status-publish","4":"has-post-thumbnail","6":"product_cat-gredzeni","7":"product_cat-visas-rotaslietas","9":"first","10":"instock","11":"sold-individually","12":"taxable","13":"shipping-taxable","14":"purchasable","15":"product-type-variable","16":"has-default-attributes","17":"layout-style-2","18":"col-md-4 col-sm-4 col-xs-6","19":"col-lg-3","20":"product-style-quickview"},"_links":{"self":[{"href":"https:\/\/rostudio.lv\/lv\/wp-json\/wp\/v2\/product\/5768","targetHints":{"allow":["GET"]}}],"collection":[{"href":"https:\/\/rostudio.lv\/lv\/wp-json\/wp\/v2\/product"}],"about":[{"href":"https:\/\/rostudio.lv\/lv\/wp-json\/wp\/v2\/types\/product"}],"wp:featuredmedia":[{"embeddable":true,"href":"https:\/\/rostudio.lv\/lv\/wp-json\/wp\/v2\/media\/5773"}],"wp:attachment":[{"href":"https:\/\/rostudio.lv\/lv\/wp-json\/wp\/v2\/media?parent=5768"}],"wp:term":[{"taxonomy":"product_brand","embeddable":true,"href":"https:\/\/rostudio.lv\/lv\/wp-json\/wp\/v2\/product_brand?post=5768"},{"taxonomy":"product_cat","embeddable":true,"href":"https:\/\/rostudio.lv\/lv\/wp-json\/wp\/v2\/product_cat?post=5768"},{"taxonomy":"product_tag","embeddable":true,"href":"https:\/\/rostudio.lv\/lv\/wp-json\/wp\/v2\/product_tag?post=5768"}],"curies":[{"name":"wp","href":"https:\/\/api.w.org\/{rel}","templated":true}]}}