{"id":5762,"date":"2025-08-25T22:16:59","date_gmt":"2025-08-25T20:16:59","guid":{"rendered":"https:\/\/rostudio.lv\/shop\/bieza-enkura-kede\/"},"modified":"2025-08-25T22:16:59","modified_gmt":"2025-08-25T20:16:59","slug":"bieza-enkura-kede","status":"publish","type":"product","link":"https:\/\/rostudio.lv\/lv\/shop\/bieza-enkura-kede\/","title":{"rendered":"Bieza ENKURA \u0137\u0113de"},"content":{"rendered":"","protected":false},"excerpt":{"rendered":"<p>Iztur\u012bga, neapstr\u0101d\u0101ta un gatava valk\u0101\u0161anai atsevi\u0161\u0137i vai kombin\u0101cij\u0101<\/p>\n<p>\/\/ \u0137\u0113des posmi 2,1 mm izm\u0113r\u0101<\/p>\n","protected":false},"featured_media":3621,"template":"","meta":[],"product_brand":[],"product_cat":[219,177],"product_tag":[],"class_list":{"0":"post-5762","1":"product","2":"type-product","3":"status-publish","4":"has-post-thumbnail","6":"product_cat-kedes","7":"product_cat-visas-rotaslietas","9":"first","10":"instock","11":"sold-individually","12":"taxable","13":"shipping-taxable","14":"purchasable","15":"product-type-variable","16":"layout-style-2","17":"col-md-4 col-sm-4 col-xs-6","18":"col-lg-3","19":"product-style-quickview"},"_links":{"self":[{"href":"https:\/\/rostudio.lv\/lv\/wp-json\/wp\/v2\/product\/5762","targetHints":{"allow":["GET"]}}],"collection":[{"href":"https:\/\/rostudio.lv\/lv\/wp-json\/wp\/v2\/product"}],"about":[{"href":"https:\/\/rostudio.lv\/lv\/wp-json\/wp\/v2\/types\/product"}],"wp:featuredmedia":[{"embeddable":true,"href":"https:\/\/rostudio.lv\/lv\/wp-json\/wp\/v2\/media\/3621"}],"wp:attachment":[{"href":"https:\/\/rostudio.lv\/lv\/wp-json\/wp\/v2\/media?parent=5762"}],"wp:term":[{"taxonomy":"product_brand","embeddable":true,"href":"https:\/\/rostudio.lv\/lv\/wp-json\/wp\/v2\/product_brand?post=5762"},{"taxonomy":"product_cat","embeddable":true,"href":"https:\/\/rostudio.lv\/lv\/wp-json\/wp\/v2\/product_cat?post=5762"},{"taxonomy":"product_tag","embeddable":true,"href":"https:\/\/rostudio.lv\/lv\/wp-json\/wp\/v2\/product_tag?post=5762"}],"curies":[{"name":"wp","href":"https:\/\/api.w.org\/{rel}","templated":true}]}}