{"id":5750,"date":"2025-09-03T17:24:52","date_gmt":"2025-09-03T15:24:52","guid":{"rendered":"https:\/\/rostudio.lv\/shop\/pika-duza-piespraude\/"},"modified":"2025-09-03T17:24:52","modified_gmt":"2025-09-03T15:24:52","slug":"pika-duza-piespraude","status":"publish","type":"product","link":"https:\/\/rostudio.lv\/lv\/shop\/pika-duza-piespraude\/","title":{"rendered":"P\u012b\u0137a d\u016b\u017ea piespraude"},"content":{"rendered":"","protected":false},"excerpt":{"rendered":"<p>Izcils sp\u0113ka simbols \u2014 ass, t\u012brs, neaizskarams<\/p>\n<p>\u0160\u012b p\u012b\u0137a formas piespraude p\u0101rv\u0113r\u0161 minim\u0101lismu pazi\u0146ojum\u0101, kas ir roku darbs no sudraba (925\u00b0) ar dzi\u013ci melnu oniksu, tas ir t\u0101ds izstr\u0101d\u0101jums, kas neprasa uzman\u012bbu \u2014 tas to pav\u0113l<\/p>\n","protected":false},"featured_media":3633,"template":"","meta":[],"product_brand":[],"product_cat":[235,177],"product_tag":[],"class_list":{"0":"post-5750","1":"product","2":"type-product","3":"status-publish","4":"has-post-thumbnail","6":"product_cat-piespraude","7":"product_cat-visas-rotaslietas","9":"first","10":"instock","11":"sold-individually","12":"taxable","13":"shipping-taxable","14":"purchasable","15":"product-type-variable","16":"layout-style-2","17":"col-md-4 col-sm-4 col-xs-6","18":"col-lg-3","19":"product-style-quickview"},"_links":{"self":[{"href":"https:\/\/rostudio.lv\/lv\/wp-json\/wp\/v2\/product\/5750","targetHints":{"allow":["GET"]}}],"collection":[{"href":"https:\/\/rostudio.lv\/lv\/wp-json\/wp\/v2\/product"}],"about":[{"href":"https:\/\/rostudio.lv\/lv\/wp-json\/wp\/v2\/types\/product"}],"wp:featuredmedia":[{"embeddable":true,"href":"https:\/\/rostudio.lv\/lv\/wp-json\/wp\/v2\/media\/3633"}],"wp:attachment":[{"href":"https:\/\/rostudio.lv\/lv\/wp-json\/wp\/v2\/media?parent=5750"}],"wp:term":[{"taxonomy":"product_brand","embeddable":true,"href":"https:\/\/rostudio.lv\/lv\/wp-json\/wp\/v2\/product_brand?post=5750"},{"taxonomy":"product_cat","embeddable":true,"href":"https:\/\/rostudio.lv\/lv\/wp-json\/wp\/v2\/product_cat?post=5750"},{"taxonomy":"product_tag","embeddable":true,"href":"https:\/\/rostudio.lv\/lv\/wp-json\/wp\/v2\/product_tag?post=5750"}],"curies":[{"name":"wp","href":"https:\/\/api.w.org\/{rel}","templated":true}]}}