{"id":5740,"date":"2025-09-09T17:21:10","date_gmt":"2025-09-09T15:21:10","guid":{"rendered":"https:\/\/rostudio.lv\/shop\/davanu-karte\/"},"modified":"2026-02-09T00:03:22","modified_gmt":"2026-02-08T22:03:22","slug":"davanu-karte","status":"publish","type":"product","link":"https:\/\/rostudio.lv\/lv\/shop\/davanu-karte\/","title":{"rendered":"D\u0100VANU KARTE"},"content":{"rendered":"","protected":false},"excerpt":{"rendered":"<p>lieliska izv\u0113le, lai iepriecin\u0101tu ar neaizmirstamu pieredzi <\/p>\n<p>d\u0101vini izv\u0113les br\u012bv\u012bbu starp ekskluz\u012bv\u0101m rot\u0101m, kas iemieso laikmet\u012bgu eleganci un izsmalcin\u0101t\u012bbu<span class=\"Apple-converted-space\"> <\/span><\/p>\n<p>bez steigas un bez termi\u0146a<\/p>\n","protected":false},"featured_media":3706,"template":"","meta":[],"product_brand":[],"product_cat":[234,177],"product_tag":[],"class_list":{"0":"post-5740","1":"product","2":"type-product","3":"status-publish","4":"has-post-thumbnail","6":"product_cat-davanu-karte","7":"product_cat-visas-rotaslietas","9":"first","10":"instock","11":"sold-individually","12":"taxable","13":"shipping-taxable","14":"purchasable","15":"product-type-variable","16":"layout-style-2","17":"col-md-4 col-sm-4 col-xs-6","18":"col-lg-3","19":"product-style-quickview"},"_links":{"self":[{"href":"https:\/\/rostudio.lv\/lv\/wp-json\/wp\/v2\/product\/5740","targetHints":{"allow":["GET"]}}],"collection":[{"href":"https:\/\/rostudio.lv\/lv\/wp-json\/wp\/v2\/product"}],"about":[{"href":"https:\/\/rostudio.lv\/lv\/wp-json\/wp\/v2\/types\/product"}],"wp:featuredmedia":[{"embeddable":true,"href":"https:\/\/rostudio.lv\/lv\/wp-json\/wp\/v2\/media\/3706"}],"wp:attachment":[{"href":"https:\/\/rostudio.lv\/lv\/wp-json\/wp\/v2\/media?parent=5740"}],"wp:term":[{"taxonomy":"product_brand","embeddable":true,"href":"https:\/\/rostudio.lv\/lv\/wp-json\/wp\/v2\/product_brand?post=5740"},{"taxonomy":"product_cat","embeddable":true,"href":"https:\/\/rostudio.lv\/lv\/wp-json\/wp\/v2\/product_cat?post=5740"},{"taxonomy":"product_tag","embeddable":true,"href":"https:\/\/rostudio.lv\/lv\/wp-json\/wp\/v2\/product_tag?post=5740"}],"curies":[{"name":"wp","href":"https:\/\/api.w.org\/{rel}","templated":true}]}}