{"id":5724,"date":"2025-09-15T16:40:19","date_gmt":"2025-09-15T14:40:19","guid":{"rendered":"https:\/\/rostudio.lv\/shop\/auskars-m\/"},"modified":"2025-09-15T16:40:19","modified_gmt":"2025-09-15T14:40:19","slug":"auskars-m","status":"publish","type":"product","link":"https:\/\/rostudio.lv\/lv\/shop\/auskars-m\/","title":{"rendered":"AUSKARS | M"},"content":{"rendered":"","protected":false},"excerpt":{"rendered":"<p>Drosm\u012bgs, bet vienk\u0101r\u0161s sudraba auskars \u2014 elegants akcents, ko var viegli uzlikt<\/p>\n","protected":false},"featured_media":3666,"template":"","meta":[],"product_brand":[],"product_cat":[187,232,177],"product_tag":[],"class_list":{"0":"post-5724","1":"product","2":"type-product","3":"status-publish","4":"has-post-thumbnail","6":"product_cat-auskari","7":"product_cat-auss-aproces","8":"product_cat-visas-rotaslietas","10":"first","11":"instock","12":"sold-individually","13":"taxable","14":"shipping-taxable","15":"purchasable","16":"product-type-variable","17":"has-default-attributes","18":"layout-style-2","19":"col-md-4 col-sm-4 col-xs-6","20":"col-lg-3","21":"product-style-quickview"},"_links":{"self":[{"href":"https:\/\/rostudio.lv\/lv\/wp-json\/wp\/v2\/product\/5724","targetHints":{"allow":["GET"]}}],"collection":[{"href":"https:\/\/rostudio.lv\/lv\/wp-json\/wp\/v2\/product"}],"about":[{"href":"https:\/\/rostudio.lv\/lv\/wp-json\/wp\/v2\/types\/product"}],"wp:featuredmedia":[{"embeddable":true,"href":"https:\/\/rostudio.lv\/lv\/wp-json\/wp\/v2\/media\/3666"}],"wp:attachment":[{"href":"https:\/\/rostudio.lv\/lv\/wp-json\/wp\/v2\/media?parent=5724"}],"wp:term":[{"taxonomy":"product_brand","embeddable":true,"href":"https:\/\/rostudio.lv\/lv\/wp-json\/wp\/v2\/product_brand?post=5724"},{"taxonomy":"product_cat","embeddable":true,"href":"https:\/\/rostudio.lv\/lv\/wp-json\/wp\/v2\/product_cat?post=5724"},{"taxonomy":"product_tag","embeddable":true,"href":"https:\/\/rostudio.lv\/lv\/wp-json\/wp\/v2\/product_tag?post=5724"}],"curies":[{"name":"wp","href":"https:\/\/api.w.org\/{rel}","templated":true}]}}