{"id":5705,"date":"2025-09-15T16:54:02","date_gmt":"2025-09-15T14:54:02","guid":{"rendered":"https:\/\/rostudio.lv\/shop\/talismans-liels\/"},"modified":"2025-09-15T16:54:02","modified_gmt":"2025-09-15T14:54:02","slug":"talismans-liels","status":"publish","type":"product","link":"https:\/\/rostudio.lv\/lv\/shop\/talismans-liels\/","title":{"rendered":"TALISMANS | liels"},"content":{"rendered":"","protected":false},"excerpt":{"rendered":"<p>\u0160is neapstr\u0101d\u0101ta saf\u012bra talismans, kas paredz\u0113ts, lai papildin\u0101tu m\u016bsu <a href=\"https:\/\/rostudio.lv\/lv\/shop\/kede-nr-3\/\">izteiksm\u012bgo sudraba \u0137\u0113d\u012bti<\/a>, pie\u0161\u0137ir j\u016bsu rotu kolekcijai drosm\u012bgu, tom\u0113r izsmalcin\u0101tu piesk\u0101rienu. ___N\u0113s\u0101jiet to, lai papildin\u0101tu savu <a href=\"https:\/\/rostudio.lv\/lv\/shop\/kede-nr-3\/\">\u0137\u0113d\u012bti<\/a> ar neapstr\u0101d\u0101tu, nepol\u0113tu un nep\u0101rprotamu noska\u0146u, vai turiet to pa rokai, lai bez piep\u016bles main\u012btu savu stilu.<\/p>\n<p>\/\/ \u0136\u0113d\u012bte nav iek\u013cauta komplekt\u0101, un t\u0101 j\u0101ieg\u0101d\u0101jas atsevi\u0161\u0137i.<\/p>\n","protected":false},"featured_media":3671,"template":"","meta":[],"product_brand":[],"product_cat":[214,177],"product_tag":[],"class_list":{"0":"post-5705","1":"product","2":"type-product","3":"status-publish","4":"has-post-thumbnail","6":"product_cat-kuloni","7":"product_cat-visas-rotaslietas","9":"first","10":"instock","11":"sold-individually","12":"taxable","13":"shipping-taxable","14":"purchasable","15":"product-type-variable","16":"layout-style-2","17":"col-md-4 col-sm-4 col-xs-6","18":"col-lg-3","19":"product-style-quickview"},"_links":{"self":[{"href":"https:\/\/rostudio.lv\/lv\/wp-json\/wp\/v2\/product\/5705","targetHints":{"allow":["GET"]}}],"collection":[{"href":"https:\/\/rostudio.lv\/lv\/wp-json\/wp\/v2\/product"}],"about":[{"href":"https:\/\/rostudio.lv\/lv\/wp-json\/wp\/v2\/types\/product"}],"wp:featuredmedia":[{"embeddable":true,"href":"https:\/\/rostudio.lv\/lv\/wp-json\/wp\/v2\/media\/3671"}],"wp:attachment":[{"href":"https:\/\/rostudio.lv\/lv\/wp-json\/wp\/v2\/media?parent=5705"}],"wp:term":[{"taxonomy":"product_brand","embeddable":true,"href":"https:\/\/rostudio.lv\/lv\/wp-json\/wp\/v2\/product_brand?post=5705"},{"taxonomy":"product_cat","embeddable":true,"href":"https:\/\/rostudio.lv\/lv\/wp-json\/wp\/v2\/product_cat?post=5705"},{"taxonomy":"product_tag","embeddable":true,"href":"https:\/\/rostudio.lv\/lv\/wp-json\/wp\/v2\/product_tag?post=5705"}],"curies":[{"name":"wp","href":"https:\/\/api.w.org\/{rel}","templated":true}]}}