{"id":5692,"date":"2025-10-17T13:14:48","date_gmt":"2025-10-17T11:14:48","guid":{"rendered":"https:\/\/rostudio.lv\/shop\/131124\/"},"modified":"2026-04-02T14:44:20","modified_gmt":"2026-04-02T12:44:20","slug":"131124","status":"publish","type":"product","link":"https:\/\/rostudio.lv\/lv\/shop\/131124\/","title":{"rendered":"131124"},"content":{"rendered":"","protected":false},"excerpt":{"rendered":"<p>sudraba gredzens ar drosm\u012bgu 45 mm oniksa sirdi \u2014 sp\u0113ka un emociju apliecin\u0101jums<\/p>\n<p>___skulptur\u0101ls, bezkompromisa un dzi\u013ci magn\u0113tisks tiem, kuri savu kaisl\u012bbu nes ar gr\u0101ciju<\/p>\n","protected":false},"featured_media":5696,"template":"","meta":[],"product_brand":[],"product_cat":[180,177],"product_tag":[],"class_list":{"0":"post-5692","1":"product","2":"type-product","3":"status-publish","4":"has-post-thumbnail","6":"product_cat-gredzeni","7":"product_cat-visas-rotaslietas","9":"first","10":"instock","11":"sold-individually","12":"taxable","13":"shipping-taxable","14":"purchasable","15":"product-type-variable","16":"has-default-attributes","17":"layout-style-2","18":"col-md-4 col-sm-4 col-xs-6","19":"col-lg-3","20":"product-style-quickview"},"_links":{"self":[{"href":"https:\/\/rostudio.lv\/lv\/wp-json\/wp\/v2\/product\/5692","targetHints":{"allow":["GET"]}}],"collection":[{"href":"https:\/\/rostudio.lv\/lv\/wp-json\/wp\/v2\/product"}],"about":[{"href":"https:\/\/rostudio.lv\/lv\/wp-json\/wp\/v2\/types\/product"}],"wp:featuredmedia":[{"embeddable":true,"href":"https:\/\/rostudio.lv\/lv\/wp-json\/wp\/v2\/media\/5696"}],"wp:attachment":[{"href":"https:\/\/rostudio.lv\/lv\/wp-json\/wp\/v2\/media?parent=5692"}],"wp:term":[{"taxonomy":"product_brand","embeddable":true,"href":"https:\/\/rostudio.lv\/lv\/wp-json\/wp\/v2\/product_brand?post=5692"},{"taxonomy":"product_cat","embeddable":true,"href":"https:\/\/rostudio.lv\/lv\/wp-json\/wp\/v2\/product_cat?post=5692"},{"taxonomy":"product_tag","embeddable":true,"href":"https:\/\/rostudio.lv\/lv\/wp-json\/wp\/v2\/product_tag?post=5692"}],"curies":[{"name":"wp","href":"https:\/\/api.w.org\/{rel}","templated":true}]}}