{"id":5620,"date":"2021-02-23T15:41:41","date_gmt":"2021-02-23T13:41:41","guid":{"rendered":"https:\/\/rostudio.lv\/shop\/241210\/"},"modified":"2021-02-23T15:41:41","modified_gmt":"2021-02-23T13:41:41","slug":"241210","status":"publish","type":"product","link":"https:\/\/rostudio.lv\/lv\/shop\/241210\/","title":{"rendered":"241210"},"content":{"rendered":"","protected":false},"excerpt":{"rendered":"<p>rotaslieta, kas rad\u012bta nevis lai atst\u0101tu iespaidu, bet lai defin\u0113tu \u2013 14k (585\u00b0) zelta aproce bez aizdares, kas iemieso patiesas grezn\u012bbas kluso sp\u0113ku \u2013 t\u0101s nevainojamais siluets un siltais zelta mirdzums rada vieglas izsmalcin\u0101t\u012bbas auru<\/p>\n","protected":false},"featured_media":1429,"template":"","meta":[],"product_brand":[],"product_cat":[217,177],"product_tag":[],"class_list":{"0":"post-5620","1":"product","2":"type-product","3":"status-publish","4":"has-post-thumbnail","6":"product_cat-aproces","7":"product_cat-visas-rotaslietas","9":"first","10":"instock","11":"sold-individually","12":"taxable","13":"shipping-taxable","14":"purchasable","15":"product-type-variable","16":"layout-style-2","17":"col-md-4 col-sm-4 col-xs-6","18":"col-lg-3","19":"product-style-quickview"},"_links":{"self":[{"href":"https:\/\/rostudio.lv\/lv\/wp-json\/wp\/v2\/product\/5620","targetHints":{"allow":["GET"]}}],"collection":[{"href":"https:\/\/rostudio.lv\/lv\/wp-json\/wp\/v2\/product"}],"about":[{"href":"https:\/\/rostudio.lv\/lv\/wp-json\/wp\/v2\/types\/product"}],"wp:featuredmedia":[{"embeddable":true,"href":"https:\/\/rostudio.lv\/lv\/wp-json\/wp\/v2\/media\/1429"}],"wp:attachment":[{"href":"https:\/\/rostudio.lv\/lv\/wp-json\/wp\/v2\/media?parent=5620"}],"wp:term":[{"taxonomy":"product_brand","embeddable":true,"href":"https:\/\/rostudio.lv\/lv\/wp-json\/wp\/v2\/product_brand?post=5620"},{"taxonomy":"product_cat","embeddable":true,"href":"https:\/\/rostudio.lv\/lv\/wp-json\/wp\/v2\/product_cat?post=5620"},{"taxonomy":"product_tag","embeddable":true,"href":"https:\/\/rostudio.lv\/lv\/wp-json\/wp\/v2\/product_tag?post=5620"}],"curies":[{"name":"wp","href":"https:\/\/api.w.org\/{rel}","templated":true}]}}