{"id":5596,"date":"2021-02-23T16:13:14","date_gmt":"2021-02-23T14:13:14","guid":{"rendered":"https:\/\/rostudio.lv\/shop\/201120\/"},"modified":"2026-02-19T15:04:23","modified_gmt":"2026-02-19T13:04:23","slug":"201120","status":"publish","type":"product","link":"https:\/\/rostudio.lv\/lv\/shop\/201120\/","title":{"rendered":"201120"},"content":{"rendered":"","protected":false},"excerpt":{"rendered":"<p><span data-sheets-value=\"{\"1\":2,\"2\":\"anchored by a beautifully faceted onyx that pops against the shiny sterling silver setting and is made for a look that's both vintage inspired and feminine.\"}\" data-sheets-userformat=\"{\"2\":4739,\"3\":{\"1\":0},\"4\":[null,2,16777215],\"10\":2,\"12\":0,\"15\":\"Arial\"}\">ko rot\u0101 skaisti sl\u012bp\u0113ts onikss, kas izce\u013cas uz sp\u012bd\u012bga sudraba fona un ir rad\u012bts gan vintage, gan sievi\u0161\u0137\u012bgam izskatam.<\/span><\/p>\n","protected":false},"featured_media":5565,"template":"","meta":[],"product_brand":[],"product_cat":[180,177],"product_tag":[],"class_list":{"0":"post-5596","1":"product","2":"type-product","3":"status-publish","4":"has-post-thumbnail","6":"product_cat-gredzeni","7":"product_cat-visas-rotaslietas","9":"first","10":"instock","11":"sold-individually","12":"taxable","13":"shipping-taxable","14":"purchasable","15":"product-type-variable","16":"has-default-attributes","17":"layout-style-2","18":"col-md-4 col-sm-4 col-xs-6","19":"col-lg-3","20":"product-style-quickview"},"_links":{"self":[{"href":"https:\/\/rostudio.lv\/lv\/wp-json\/wp\/v2\/product\/5596","targetHints":{"allow":["GET"]}}],"collection":[{"href":"https:\/\/rostudio.lv\/lv\/wp-json\/wp\/v2\/product"}],"about":[{"href":"https:\/\/rostudio.lv\/lv\/wp-json\/wp\/v2\/types\/product"}],"wp:featuredmedia":[{"embeddable":true,"href":"https:\/\/rostudio.lv\/lv\/wp-json\/wp\/v2\/media\/5565"}],"wp:attachment":[{"href":"https:\/\/rostudio.lv\/lv\/wp-json\/wp\/v2\/media?parent=5596"}],"wp:term":[{"taxonomy":"product_brand","embeddable":true,"href":"https:\/\/rostudio.lv\/lv\/wp-json\/wp\/v2\/product_brand?post=5596"},{"taxonomy":"product_cat","embeddable":true,"href":"https:\/\/rostudio.lv\/lv\/wp-json\/wp\/v2\/product_cat?post=5596"},{"taxonomy":"product_tag","embeddable":true,"href":"https:\/\/rostudio.lv\/lv\/wp-json\/wp\/v2\/product_tag?post=5596"}],"curies":[{"name":"wp","href":"https:\/\/api.w.org\/{rel}","templated":true}]}}