{"id":5567,"date":"2021-02-23T16:49:38","date_gmt":"2021-02-23T14:49:38","guid":{"rendered":"https:\/\/rostudio.lv\/shop\/311220\/"},"modified":"2021-02-23T16:49:38","modified_gmt":"2021-02-23T14:49:38","slug":"311220","status":"publish","type":"product","link":"https:\/\/rostudio.lv\/lv\/shop\/311220\/","title":{"rendered":"311220"},"content":{"rendered":"","protected":false},"excerpt":{"rendered":"<p><span data-sheets-value=\"{\"1\":2,\"2\":\"made from two different size and form onyx, this ring is classy and fabulous, so feminine and yet so powerful ___ whether paired with jeans and a tee or dressed up for a special occasion, you'll rock your sense of taste.\"}\" data-sheets-userformat=\"{\"2\":4739,\"3\":{\"1\":0},\"4\":[null,2,16777215],\"10\":2,\"12\":0,\"15\":\"Arial\"}\">\u0160is gredzens, kas izgatavots no divu da\u017e\u0101du izm\u0113ru un formu oniksa, ir elegants un pasakains, tik sievi\u0161\u0137\u012bgs un tom\u0113r tik sp\u0113c\u012bgs ___ neatkar\u012bgi no t\u0101, vai tas ir savienots ar d\u017einsiem un T-kreklu vai uzvilkts \u012bpa\u0161am gad\u012bjumam, j\u016bs izcelsiet savu gaumes izj\u016btu.<\/span><\/p>\n","protected":false},"featured_media":1465,"template":"","meta":[],"product_brand":[],"product_cat":[180,177],"product_tag":[],"class_list":{"0":"post-5567","1":"product","2":"type-product","3":"status-publish","4":"has-post-thumbnail","6":"product_cat-gredzeni","7":"product_cat-visas-rotaslietas","9":"first","10":"instock","11":"sold-individually","12":"taxable","13":"shipping-taxable","14":"purchasable","15":"product-type-variable","16":"has-default-attributes","17":"layout-style-2","18":"col-md-4 col-sm-4 col-xs-6","19":"col-lg-3","20":"product-style-quickview"},"_links":{"self":[{"href":"https:\/\/rostudio.lv\/lv\/wp-json\/wp\/v2\/product\/5567","targetHints":{"allow":["GET"]}}],"collection":[{"href":"https:\/\/rostudio.lv\/lv\/wp-json\/wp\/v2\/product"}],"about":[{"href":"https:\/\/rostudio.lv\/lv\/wp-json\/wp\/v2\/types\/product"}],"wp:featuredmedia":[{"embeddable":true,"href":"https:\/\/rostudio.lv\/lv\/wp-json\/wp\/v2\/media\/1465"}],"wp:attachment":[{"href":"https:\/\/rostudio.lv\/lv\/wp-json\/wp\/v2\/media?parent=5567"}],"wp:term":[{"taxonomy":"product_brand","embeddable":true,"href":"https:\/\/rostudio.lv\/lv\/wp-json\/wp\/v2\/product_brand?post=5567"},{"taxonomy":"product_cat","embeddable":true,"href":"https:\/\/rostudio.lv\/lv\/wp-json\/wp\/v2\/product_cat?post=5567"},{"taxonomy":"product_tag","embeddable":true,"href":"https:\/\/rostudio.lv\/lv\/wp-json\/wp\/v2\/product_tag?post=5567"}],"curies":[{"name":"wp","href":"https:\/\/api.w.org\/{rel}","templated":true}]}}