{"id":5539,"date":"2021-02-23T17:14:15","date_gmt":"2021-02-23T15:14:15","guid":{"rendered":"https:\/\/rostudio.lv\/shop\/260910\/"},"modified":"2021-02-23T17:14:15","modified_gmt":"2021-02-23T15:14:15","slug":"260910","status":"publish","type":"product","link":"https:\/\/rostudio.lv\/lv\/shop\/260910\/","title":{"rendered":"260910"},"content":{"rendered":"","protected":false},"excerpt":{"rendered":"<p>Drosm\u012bga vienk\u0101r\u0161\u012bba \u2014 \u0161ai mas\u012bvajai sudraba aprocei ir ikonisks, skulptur\u0101ls veidols un atv\u0113rts dizains, kas izstaro p\u0101rliec\u012bbu gan atsevi\u0161\u0137i, gan viegli kombin\u0113jot ar citiem izstr\u0101d\u0101jumiem<\/p>\n","protected":false},"featured_media":1476,"template":"","meta":[],"product_brand":[],"product_cat":[217,177],"product_tag":[],"class_list":{"0":"post-5539","1":"product","2":"type-product","3":"status-publish","4":"has-post-thumbnail","6":"product_cat-aproces","7":"product_cat-visas-rotaslietas","9":"first","10":"instock","11":"sold-individually","12":"taxable","13":"shipping-taxable","14":"purchasable","15":"product-type-variable","16":"layout-style-2","17":"col-md-4 col-sm-4 col-xs-6","18":"col-lg-3","19":"product-style-quickview"},"_links":{"self":[{"href":"https:\/\/rostudio.lv\/lv\/wp-json\/wp\/v2\/product\/5539","targetHints":{"allow":["GET"]}}],"collection":[{"href":"https:\/\/rostudio.lv\/lv\/wp-json\/wp\/v2\/product"}],"about":[{"href":"https:\/\/rostudio.lv\/lv\/wp-json\/wp\/v2\/types\/product"}],"wp:featuredmedia":[{"embeddable":true,"href":"https:\/\/rostudio.lv\/lv\/wp-json\/wp\/v2\/media\/1476"}],"wp:attachment":[{"href":"https:\/\/rostudio.lv\/lv\/wp-json\/wp\/v2\/media?parent=5539"}],"wp:term":[{"taxonomy":"product_brand","embeddable":true,"href":"https:\/\/rostudio.lv\/lv\/wp-json\/wp\/v2\/product_brand?post=5539"},{"taxonomy":"product_cat","embeddable":true,"href":"https:\/\/rostudio.lv\/lv\/wp-json\/wp\/v2\/product_cat?post=5539"},{"taxonomy":"product_tag","embeddable":true,"href":"https:\/\/rostudio.lv\/lv\/wp-json\/wp\/v2\/product_tag?post=5539"}],"curies":[{"name":"wp","href":"https:\/\/api.w.org\/{rel}","templated":true}]}}