{"id":5521,"date":"2021-04-19T14:26:12","date_gmt":"2021-04-19T12:26:12","guid":{"rendered":"https:\/\/rostudio.lv\/shop\/180321\/"},"modified":"2021-04-19T14:26:12","modified_gmt":"2021-04-19T12:26:12","slug":"180321","status":"publish","type":"product","link":"https:\/\/rostudio.lv\/lv\/shop\/180321\/","title":{"rendered":"180321"},"content":{"rendered":"","protected":false},"excerpt":{"rendered":"<p>atdz\u012bviniet savu ikdienu <span data-sheets-value=\"{\"1\":2,\"2\":\"accentuate the drive of your style and grand look with this 10 x 16 mm onyx with oxidized sterling silver matte frame.\"}\" data-sheets-userformat=\"{\"2\":4739,\"3\":{\"1\":0},\"4\":[null,2,16777215],\"10\":2,\"12\":0,\"15\":\"Arial\"}\">ar \u0161o 14 mm asto\u0146st\u016bra oniksu, kas iestr\u0101d\u0101ts sudraba r\u0101m\u012b.<\/span><\/p>\n","protected":false},"featured_media":3414,"template":"","meta":[],"product_brand":[],"product_cat":[180,177],"product_tag":[],"class_list":{"0":"post-5521","1":"product","2":"type-product","3":"status-publish","4":"has-post-thumbnail","6":"product_cat-gredzeni","7":"product_cat-visas-rotaslietas","9":"first","10":"instock","11":"sold-individually","12":"taxable","13":"shipping-taxable","14":"purchasable","15":"product-type-variable","16":"has-default-attributes","17":"layout-style-2","18":"col-md-4 col-sm-4 col-xs-6","19":"col-lg-3","20":"product-style-quickview"},"_links":{"self":[{"href":"https:\/\/rostudio.lv\/lv\/wp-json\/wp\/v2\/product\/5521","targetHints":{"allow":["GET"]}}],"collection":[{"href":"https:\/\/rostudio.lv\/lv\/wp-json\/wp\/v2\/product"}],"about":[{"href":"https:\/\/rostudio.lv\/lv\/wp-json\/wp\/v2\/types\/product"}],"wp:featuredmedia":[{"embeddable":true,"href":"https:\/\/rostudio.lv\/lv\/wp-json\/wp\/v2\/media\/3414"}],"wp:attachment":[{"href":"https:\/\/rostudio.lv\/lv\/wp-json\/wp\/v2\/media?parent=5521"}],"wp:term":[{"taxonomy":"product_brand","embeddable":true,"href":"https:\/\/rostudio.lv\/lv\/wp-json\/wp\/v2\/product_brand?post=5521"},{"taxonomy":"product_cat","embeddable":true,"href":"https:\/\/rostudio.lv\/lv\/wp-json\/wp\/v2\/product_cat?post=5521"},{"taxonomy":"product_tag","embeddable":true,"href":"https:\/\/rostudio.lv\/lv\/wp-json\/wp\/v2\/product_tag?post=5521"}],"curies":[{"name":"wp","href":"https:\/\/api.w.org\/{rel}","templated":true}]}}