{"id":5513,"date":"2021-06-04T11:43:57","date_gmt":"2021-06-04T09:43:57","guid":{"rendered":"https:\/\/rostudio.lv\/shop\/190820\/"},"modified":"2021-06-04T11:43:57","modified_gmt":"2021-06-04T09:43:57","slug":"190820","status":"publish","type":"product","link":"https:\/\/rostudio.lv\/lv\/shop\/190820\/","title":{"rendered":"190820"},"content":{"rendered":"","protected":false},"excerpt":{"rendered":"<p>piena kacholonga op\u0101ls un t\u012bras, jutekliskas sudraba l\u012bnijas, kas apvienotas gredzen\u0101<\/p>\n","protected":false},"featured_media":2158,"template":"","meta":[],"product_brand":[],"product_cat":[180,177],"product_tag":[],"class_list":{"0":"post-5513","1":"product","2":"type-product","3":"status-publish","4":"has-post-thumbnail","6":"product_cat-gredzeni","7":"product_cat-visas-rotaslietas","9":"first","10":"instock","11":"sold-individually","12":"taxable","13":"shipping-taxable","14":"purchasable","15":"product-type-variable","16":"has-default-attributes","17":"layout-style-2","18":"col-md-4 col-sm-4 col-xs-6","19":"col-lg-3","20":"product-style-quickview"},"_links":{"self":[{"href":"https:\/\/rostudio.lv\/lv\/wp-json\/wp\/v2\/product\/5513","targetHints":{"allow":["GET"]}}],"collection":[{"href":"https:\/\/rostudio.lv\/lv\/wp-json\/wp\/v2\/product"}],"about":[{"href":"https:\/\/rostudio.lv\/lv\/wp-json\/wp\/v2\/types\/product"}],"wp:featuredmedia":[{"embeddable":true,"href":"https:\/\/rostudio.lv\/lv\/wp-json\/wp\/v2\/media\/2158"}],"wp:attachment":[{"href":"https:\/\/rostudio.lv\/lv\/wp-json\/wp\/v2\/media?parent=5513"}],"wp:term":[{"taxonomy":"product_brand","embeddable":true,"href":"https:\/\/rostudio.lv\/lv\/wp-json\/wp\/v2\/product_brand?post=5513"},{"taxonomy":"product_cat","embeddable":true,"href":"https:\/\/rostudio.lv\/lv\/wp-json\/wp\/v2\/product_cat?post=5513"},{"taxonomy":"product_tag","embeddable":true,"href":"https:\/\/rostudio.lv\/lv\/wp-json\/wp\/v2\/product_tag?post=5513"}],"curies":[{"name":"wp","href":"https:\/\/api.w.org\/{rel}","templated":true}]}}