{"id":5493,"date":"2021-06-04T14:45:30","date_gmt":"2021-06-04T12:45:30","guid":{"rendered":"https:\/\/rostudio.lv\/shop\/061270\/"},"modified":"2021-06-04T14:45:30","modified_gmt":"2021-06-04T12:45:30","slug":"061270","status":"publish","type":"product","link":"https:\/\/rostudio.lv\/lv\/shop\/061270\/","title":{"rendered":"061270"},"content":{"rendered":"","protected":false},"excerpt":{"rendered":"<p>klus\u0101 mala, asa silueta<\/p>\n<p>kvadr\u0101tveida oniksa kulons no sudraba<\/p>\n<p><span data-sheets-value=\"{\"1\":2,\"2\":\"with an onyx set in the center of sterling silver frame, this pendant captures the perfect mix of old world charm and the mesmerizing power of a new world ___silver chains are not included and must be purchased separately.\"}\" data-sheets-userformat=\"{\"2\":4739,\"3\":{\"1\":0},\"4\":[null,2,16777215],\"10\":2,\"12\":0,\"15\":\"Arial\"}\">\/\/ sudraba \u0137\u0113d\u012btes nav iek\u013cautas un j\u0101ieg\u0101d\u0101jas atsevi\u0161\u0137i<\/span><\/p>\n","protected":false},"featured_media":2167,"template":"","meta":[],"product_brand":[],"product_cat":[214,177],"product_tag":[],"class_list":{"0":"post-5493","1":"product","2":"type-product","3":"status-publish","4":"has-post-thumbnail","6":"product_cat-kuloni","7":"product_cat-visas-rotaslietas","9":"first","10":"instock","11":"sold-individually","12":"taxable","13":"shipping-taxable","14":"purchasable","15":"product-type-variable","16":"has-default-attributes","17":"layout-style-2","18":"col-md-4 col-sm-4 col-xs-6","19":"col-lg-3","20":"product-style-quickview"},"_links":{"self":[{"href":"https:\/\/rostudio.lv\/lv\/wp-json\/wp\/v2\/product\/5493","targetHints":{"allow":["GET"]}}],"collection":[{"href":"https:\/\/rostudio.lv\/lv\/wp-json\/wp\/v2\/product"}],"about":[{"href":"https:\/\/rostudio.lv\/lv\/wp-json\/wp\/v2\/types\/product"}],"wp:featuredmedia":[{"embeddable":true,"href":"https:\/\/rostudio.lv\/lv\/wp-json\/wp\/v2\/media\/2167"}],"wp:attachment":[{"href":"https:\/\/rostudio.lv\/lv\/wp-json\/wp\/v2\/media?parent=5493"}],"wp:term":[{"taxonomy":"product_brand","embeddable":true,"href":"https:\/\/rostudio.lv\/lv\/wp-json\/wp\/v2\/product_brand?post=5493"},{"taxonomy":"product_cat","embeddable":true,"href":"https:\/\/rostudio.lv\/lv\/wp-json\/wp\/v2\/product_cat?post=5493"},{"taxonomy":"product_tag","embeddable":true,"href":"https:\/\/rostudio.lv\/lv\/wp-json\/wp\/v2\/product_tag?post=5493"}],"curies":[{"name":"wp","href":"https:\/\/api.w.org\/{rel}","templated":true}]}}