{"id":5488,"date":"2021-04-20T12:40:57","date_gmt":"2021-04-20T10:40:57","guid":{"rendered":"https:\/\/rostudio.lv\/shop\/051270\/"},"modified":"2021-04-20T12:40:57","modified_gmt":"2021-04-20T10:40:57","slug":"051270","status":"publish","type":"product","link":"https:\/\/rostudio.lv\/lv\/shop\/051270\/","title":{"rendered":"051270"},"content":{"rendered":"","protected":false},"excerpt":{"rendered":"<p>skulptur\u0101ls, moderns, nep\u0101rprotami drosm\u012bgs<\/p>\n<p>izsmalcin\u0101ta 5 \u00d7 40 mm oniksa pl\u0101ksne, kas iek\u013cauta sudraba r\u0101m\u012b<\/p>\n<p>\/\/ sudraba \u0137\u0113d\u012btes nav iek\u013cautas komplekt\u0101 un ir j\u0101ieg\u0101d\u0101jas atsevi\u0161\u0137i<\/p>\n","protected":false},"featured_media":2045,"template":"","meta":[],"product_brand":[],"product_cat":[214,177],"product_tag":[],"class_list":{"0":"post-5488","1":"product","2":"type-product","3":"status-publish","4":"has-post-thumbnail","6":"product_cat-kuloni","7":"product_cat-visas-rotaslietas","9":"first","10":"instock","11":"sold-individually","12":"taxable","13":"shipping-taxable","14":"purchasable","15":"product-type-variable","16":"has-default-attributes","17":"layout-style-2","18":"col-md-4 col-sm-4 col-xs-6","19":"col-lg-3","20":"product-style-quickview"},"_links":{"self":[{"href":"https:\/\/rostudio.lv\/lv\/wp-json\/wp\/v2\/product\/5488","targetHints":{"allow":["GET"]}}],"collection":[{"href":"https:\/\/rostudio.lv\/lv\/wp-json\/wp\/v2\/product"}],"about":[{"href":"https:\/\/rostudio.lv\/lv\/wp-json\/wp\/v2\/types\/product"}],"wp:featuredmedia":[{"embeddable":true,"href":"https:\/\/rostudio.lv\/lv\/wp-json\/wp\/v2\/media\/2045"}],"wp:attachment":[{"href":"https:\/\/rostudio.lv\/lv\/wp-json\/wp\/v2\/media?parent=5488"}],"wp:term":[{"taxonomy":"product_brand","embeddable":true,"href":"https:\/\/rostudio.lv\/lv\/wp-json\/wp\/v2\/product_brand?post=5488"},{"taxonomy":"product_cat","embeddable":true,"href":"https:\/\/rostudio.lv\/lv\/wp-json\/wp\/v2\/product_cat?post=5488"},{"taxonomy":"product_tag","embeddable":true,"href":"https:\/\/rostudio.lv\/lv\/wp-json\/wp\/v2\/product_tag?post=5488"}],"curies":[{"name":"wp","href":"https:\/\/api.w.org\/{rel}","templated":true}]}}