{"id":5409,"date":"2021-06-08T13:11:50","date_gmt":"2021-06-08T11:11:50","guid":{"rendered":"https:\/\/rostudio.lv\/shop\/071250\/"},"modified":"2021-06-08T13:11:50","modified_gmt":"2021-06-08T11:11:50","slug":"071250","status":"publish","type":"product","link":"https:\/\/rostudio.lv\/lv\/shop\/071250\/","title":{"rendered":"071250"},"content":{"rendered":"","protected":false},"excerpt":{"rendered":"<p>Drosm\u012bgs, priec\u012bgs un nep\u0101rprotami j\u016bs.<\/p>\n<p>\u0160ie oniksa auskari apa\u013c\u0101s, kvadr\u0101ta un tr\u012bsst\u016bra siluet\u0113s pie\u0161\u0137ir rota\u013c\u012bgu grafisku piesk\u0101rienu jebkuram izskatam.<\/p>\n<p>Jautr\u012bba sl\u0113pjas sajauk\u0161an\u0101!<\/p>\n<p>Katrs auskars tiek p\u0101rdots atsevi\u0161\u0137i.<\/p>\n","protected":false},"featured_media":2661,"template":"","meta":[],"product_brand":[],"product_cat":[187,177],"product_tag":[],"class_list":{"0":"post-5409","1":"product","2":"type-product","3":"status-publish","4":"has-post-thumbnail","6":"product_cat-auskari","7":"product_cat-visas-rotaslietas","9":"first","10":"instock","11":"sold-individually","12":"taxable","13":"shipping-taxable","14":"purchasable","15":"product-type-variable","16":"layout-style-2","17":"col-md-4 col-sm-4 col-xs-6","18":"col-lg-3","19":"product-style-quickview"},"_links":{"self":[{"href":"https:\/\/rostudio.lv\/lv\/wp-json\/wp\/v2\/product\/5409","targetHints":{"allow":["GET"]}}],"collection":[{"href":"https:\/\/rostudio.lv\/lv\/wp-json\/wp\/v2\/product"}],"about":[{"href":"https:\/\/rostudio.lv\/lv\/wp-json\/wp\/v2\/types\/product"}],"wp:featuredmedia":[{"embeddable":true,"href":"https:\/\/rostudio.lv\/lv\/wp-json\/wp\/v2\/media\/2661"}],"wp:attachment":[{"href":"https:\/\/rostudio.lv\/lv\/wp-json\/wp\/v2\/media?parent=5409"}],"wp:term":[{"taxonomy":"product_brand","embeddable":true,"href":"https:\/\/rostudio.lv\/lv\/wp-json\/wp\/v2\/product_brand?post=5409"},{"taxonomy":"product_cat","embeddable":true,"href":"https:\/\/rostudio.lv\/lv\/wp-json\/wp\/v2\/product_cat?post=5409"},{"taxonomy":"product_tag","embeddable":true,"href":"https:\/\/rostudio.lv\/lv\/wp-json\/wp\/v2\/product_tag?post=5409"}],"curies":[{"name":"wp","href":"https:\/\/api.w.org\/{rel}","templated":true}]}}