{"id":5383,"date":"2021-06-09T13:17:49","date_gmt":"2021-06-09T11:17:49","guid":{"rendered":"https:\/\/rostudio.lv\/shop\/100190\/"},"modified":"2021-06-09T13:17:49","modified_gmt":"2021-06-09T11:17:49","slug":"100190","status":"publish","type":"product","link":"https:\/\/rostudio.lv\/lv\/shop\/100190\/","title":{"rendered":"100190"},"content":{"rendered":"","protected":false},"excerpt":{"rendered":"<p>zelt\u012bta sudraba gredzens. vienk\u0101r\u0161\u012bba un elegance form\u0101 un materi\u0101l\u0101. t\u0101 ir klasiska v\u0113rt\u012bba, uz ko pa\u013cauties. valk\u0101jiet vienu vai kombin\u0113jiet vair\u0101kus un izveidojiet savu \u012bpa\u0161o 100190 gredzenu m\u0101kslas darbu uz sav\u0101m rok\u0101m. m\u0113s to saucam par modernu klasiku.    <\/p>\n","protected":false},"featured_media":2247,"template":"","meta":[],"product_brand":[],"product_cat":[180,177],"product_tag":[],"class_list":{"0":"post-5383","1":"product","2":"type-product","3":"status-publish","4":"has-post-thumbnail","6":"product_cat-gredzeni","7":"product_cat-visas-rotaslietas","9":"first","10":"instock","11":"sold-individually","12":"taxable","13":"shipping-taxable","14":"purchasable","15":"product-type-variable","16":"has-default-attributes","17":"layout-style-2","18":"col-md-4 col-sm-4 col-xs-6","19":"col-lg-3","20":"product-style-quickview"},"_links":{"self":[{"href":"https:\/\/rostudio.lv\/lv\/wp-json\/wp\/v2\/product\/5383","targetHints":{"allow":["GET"]}}],"collection":[{"href":"https:\/\/rostudio.lv\/lv\/wp-json\/wp\/v2\/product"}],"about":[{"href":"https:\/\/rostudio.lv\/lv\/wp-json\/wp\/v2\/types\/product"}],"wp:featuredmedia":[{"embeddable":true,"href":"https:\/\/rostudio.lv\/lv\/wp-json\/wp\/v2\/media\/2247"}],"wp:attachment":[{"href":"https:\/\/rostudio.lv\/lv\/wp-json\/wp\/v2\/media?parent=5383"}],"wp:term":[{"taxonomy":"product_brand","embeddable":true,"href":"https:\/\/rostudio.lv\/lv\/wp-json\/wp\/v2\/product_brand?post=5383"},{"taxonomy":"product_cat","embeddable":true,"href":"https:\/\/rostudio.lv\/lv\/wp-json\/wp\/v2\/product_cat?post=5383"},{"taxonomy":"product_tag","embeddable":true,"href":"https:\/\/rostudio.lv\/lv\/wp-json\/wp\/v2\/product_tag?post=5383"}],"curies":[{"name":"wp","href":"https:\/\/api.w.org\/{rel}","templated":true}]}}