{"id":5366,"date":"2021-06-09T14:33:08","date_gmt":"2021-06-09T12:33:08","guid":{"rendered":"https:\/\/rostudio.lv\/shop\/230990\/"},"modified":"2021-06-09T14:33:08","modified_gmt":"2021-06-09T12:33:08","slug":"230990","status":"publish","type":"product","link":"https:\/\/rostudio.lv\/lv\/shop\/230990\/","title":{"rendered":"230990"},"content":{"rendered":"","protected":false},"excerpt":{"rendered":"<p><span data-sheets-value=\"{\"1\":2,\"2\":\"made for the lover of black color and clean lines ___this simple setting will boldly showcase the character of the minimalist you are.\"}\" data-sheets-userformat=\"{\"2\":4739,\"3\":{\"1\":0},\"4\":[null,2,16777215],\"10\":2,\"12\":0,\"15\":\"Arial\"}\">zelt\u012bts sudraba gredzens ar oniksu centr\u0101. Rad\u012bts meln\u0101s kr\u0101sas un t\u012bru, siltu l\u012bniju cien\u012bt\u0101jiem ___\u0161is vienk\u0101r\u0161ais ietvars drosm\u012bgi demonstr\u0113s j\u016bsu minim\u0101lisma raksturu.  <\/span><\/p>\n","protected":false},"featured_media":2267,"template":"","meta":[],"product_brand":[],"product_cat":[180,177],"product_tag":[],"class_list":{"0":"post-5366","1":"product","2":"type-product","3":"status-publish","4":"has-post-thumbnail","6":"product_cat-gredzeni","7":"product_cat-visas-rotaslietas","9":"first","10":"instock","11":"sold-individually","12":"taxable","13":"shipping-taxable","14":"purchasable","15":"product-type-variable","16":"has-default-attributes","17":"layout-style-2","18":"col-md-4 col-sm-4 col-xs-6","19":"col-lg-3","20":"product-style-quickview"},"_links":{"self":[{"href":"https:\/\/rostudio.lv\/lv\/wp-json\/wp\/v2\/product\/5366","targetHints":{"allow":["GET"]}}],"collection":[{"href":"https:\/\/rostudio.lv\/lv\/wp-json\/wp\/v2\/product"}],"about":[{"href":"https:\/\/rostudio.lv\/lv\/wp-json\/wp\/v2\/types\/product"}],"wp:featuredmedia":[{"embeddable":true,"href":"https:\/\/rostudio.lv\/lv\/wp-json\/wp\/v2\/media\/2267"}],"wp:attachment":[{"href":"https:\/\/rostudio.lv\/lv\/wp-json\/wp\/v2\/media?parent=5366"}],"wp:term":[{"taxonomy":"product_brand","embeddable":true,"href":"https:\/\/rostudio.lv\/lv\/wp-json\/wp\/v2\/product_brand?post=5366"},{"taxonomy":"product_cat","embeddable":true,"href":"https:\/\/rostudio.lv\/lv\/wp-json\/wp\/v2\/product_cat?post=5366"},{"taxonomy":"product_tag","embeddable":true,"href":"https:\/\/rostudio.lv\/lv\/wp-json\/wp\/v2\/product_tag?post=5366"}],"curies":[{"name":"wp","href":"https:\/\/api.w.org\/{rel}","templated":true}]}}