{"id":5345,"date":"2021-09-12T15:03:26","date_gmt":"2021-09-12T13:03:26","guid":{"rendered":"https:\/\/rostudio.lv\/shop\/221250\/"},"modified":"2021-09-12T15:03:26","modified_gmt":"2021-09-12T13:03:26","slug":"221250","status":"publish","type":"product","link":"https:\/\/rostudio.lv\/lv\/shop\/221250\/","title":{"rendered":"221250"},"content":{"rendered":"","protected":false},"excerpt":{"rendered":"<p>sudraba (925\u00b0) auskaru p\u0101ris, katr\u0101 iestr\u0101d\u0101ta sald\u016bdens kultiv\u0113t\u0101 p\u0113rle \u2014 vienk\u0101r\u0161i, mirdzo\u0161i un m\u016b\u017e\u012bgi<\/p>\n","protected":false},"featured_media":2438,"template":"","meta":[],"product_brand":[],"product_cat":[187,177],"product_tag":[],"class_list":{"0":"post-5345","1":"product","2":"type-product","3":"status-publish","4":"has-post-thumbnail","6":"product_cat-auskari","7":"product_cat-visas-rotaslietas","9":"first","10":"instock","11":"sold-individually","12":"taxable","13":"shipping-taxable","14":"purchasable","15":"product-type-variable","16":"has-default-attributes","17":"layout-style-2","18":"col-md-4 col-sm-4 col-xs-6","19":"col-lg-3","20":"product-style-quickview"},"_links":{"self":[{"href":"https:\/\/rostudio.lv\/lv\/wp-json\/wp\/v2\/product\/5345","targetHints":{"allow":["GET"]}}],"collection":[{"href":"https:\/\/rostudio.lv\/lv\/wp-json\/wp\/v2\/product"}],"about":[{"href":"https:\/\/rostudio.lv\/lv\/wp-json\/wp\/v2\/types\/product"}],"wp:featuredmedia":[{"embeddable":true,"href":"https:\/\/rostudio.lv\/lv\/wp-json\/wp\/v2\/media\/2438"}],"wp:attachment":[{"href":"https:\/\/rostudio.lv\/lv\/wp-json\/wp\/v2\/media?parent=5345"}],"wp:term":[{"taxonomy":"product_brand","embeddable":true,"href":"https:\/\/rostudio.lv\/lv\/wp-json\/wp\/v2\/product_brand?post=5345"},{"taxonomy":"product_cat","embeddable":true,"href":"https:\/\/rostudio.lv\/lv\/wp-json\/wp\/v2\/product_cat?post=5345"},{"taxonomy":"product_tag","embeddable":true,"href":"https:\/\/rostudio.lv\/lv\/wp-json\/wp\/v2\/product_tag?post=5345"}],"curies":[{"name":"wp","href":"https:\/\/api.w.org\/{rel}","templated":true}]}}