{"id":5289,"date":"2021-09-12T17:46:22","date_gmt":"2021-09-12T15:46:22","guid":{"rendered":"https:\/\/rostudio.lv\/shop\/161250\/"},"modified":"2021-09-12T17:46:22","modified_gmt":"2021-09-12T15:46:22","slug":"161250","status":"publish","type":"product","link":"https:\/\/rostudio.lv\/lv\/shop\/161250\/","title":{"rendered":"161250"},"content":{"rendered":"","protected":false},"excerpt":{"rendered":"<p><span data-sheets-value=\"{\"1\":2,\"2\":\"add a touch of bold beauty and pure joy to your everyday wardrobe with these chic and fun different shaped onyx earrings ___match with our 160820 ring.\"}\" data-sheets-userformat=\"{\"2\":7043,\"3\":{\"1\":0},\"4\":[null,2,16777215],\"10\":2,\"11\":4,\"12\":0,\"14\":[null,2,0],\"15\":\"Arial\"}\">Pievienojiet savam ikdienas garderobei piesk\u0101rienu drosm\u012bgam skaistumam un t\u012bram priekam ar \u0161iem \u0161ikajiem un jautrajiem da\u017e\u0101du formu oniksa auskariem<\/span><\/p>\n","protected":false},"featured_media":3415,"template":"","meta":[],"product_brand":[],"product_cat":[187,177],"product_tag":[],"class_list":{"0":"post-5289","1":"product","2":"type-product","3":"status-publish","4":"has-post-thumbnail","6":"product_cat-auskari","7":"product_cat-visas-rotaslietas","9":"first","10":"instock","11":"sold-individually","12":"taxable","13":"shipping-taxable","14":"purchasable","15":"product-type-variable","16":"has-default-attributes","17":"layout-style-2","18":"col-md-4 col-sm-4 col-xs-6","19":"col-lg-3","20":"product-style-quickview"},"_links":{"self":[{"href":"https:\/\/rostudio.lv\/lv\/wp-json\/wp\/v2\/product\/5289","targetHints":{"allow":["GET"]}}],"collection":[{"href":"https:\/\/rostudio.lv\/lv\/wp-json\/wp\/v2\/product"}],"about":[{"href":"https:\/\/rostudio.lv\/lv\/wp-json\/wp\/v2\/types\/product"}],"wp:featuredmedia":[{"embeddable":true,"href":"https:\/\/rostudio.lv\/lv\/wp-json\/wp\/v2\/media\/3415"}],"wp:attachment":[{"href":"https:\/\/rostudio.lv\/lv\/wp-json\/wp\/v2\/media?parent=5289"}],"wp:term":[{"taxonomy":"product_brand","embeddable":true,"href":"https:\/\/rostudio.lv\/lv\/wp-json\/wp\/v2\/product_brand?post=5289"},{"taxonomy":"product_cat","embeddable":true,"href":"https:\/\/rostudio.lv\/lv\/wp-json\/wp\/v2\/product_cat?post=5289"},{"taxonomy":"product_tag","embeddable":true,"href":"https:\/\/rostudio.lv\/lv\/wp-json\/wp\/v2\/product_tag?post=5289"}],"curies":[{"name":"wp","href":"https:\/\/api.w.org\/{rel}","templated":true}]}}