{"id":5258,"date":"2021-09-12T16:31:09","date_gmt":"2021-09-12T14:31:09","guid":{"rendered":"https:\/\/rostudio.lv\/shop\/211250\/"},"modified":"2021-09-12T16:31:09","modified_gmt":"2021-09-12T14:31:09","slug":"211250","status":"publish","type":"product","link":"https:\/\/rostudio.lv\/lv\/shop\/211250\/","title":{"rendered":"211250"},"content":{"rendered":"","protected":false},"excerpt":{"rendered":"<p><span data-sheets-value=\"{\"1\":2,\"2\":\"these round onyx earrings will add an air of elegance to any ensemble, wether paired with jeans and a tee or dressed up for a special occasion ___match with our 160820 ring.\"}\" data-sheets-userformat=\"{\"2\":7043,\"3\":{\"1\":0},\"4\":[null,2,16777215],\"10\":2,\"11\":4,\"12\":0,\"14\":[null,2,0],\"15\":\"Arial\"}\">\u0160ie ov\u0101lie caholong op\u0101la auskari pie\u0161\u0137irs eleganci jebkuram t\u0113rpam, gan valk\u0101jot tos ar d\u017einsiem un T-kreklu, gan \u012bpa\u0161am notikumam.<\/span><\/p>\n","protected":false},"featured_media":2462,"template":"","meta":[],"product_brand":[],"product_cat":[187,177],"product_tag":[],"class_list":{"0":"post-5258","1":"product","2":"type-product","3":"status-publish","4":"has-post-thumbnail","6":"product_cat-auskari","7":"product_cat-visas-rotaslietas","9":"first","10":"instock","11":"sold-individually","12":"taxable","13":"shipping-taxable","14":"purchasable","15":"product-type-variable","16":"has-default-attributes","17":"layout-style-2","18":"col-md-4 col-sm-4 col-xs-6","19":"col-lg-3","20":"product-style-quickview"},"_links":{"self":[{"href":"https:\/\/rostudio.lv\/lv\/wp-json\/wp\/v2\/product\/5258","targetHints":{"allow":["GET"]}}],"collection":[{"href":"https:\/\/rostudio.lv\/lv\/wp-json\/wp\/v2\/product"}],"about":[{"href":"https:\/\/rostudio.lv\/lv\/wp-json\/wp\/v2\/types\/product"}],"wp:featuredmedia":[{"embeddable":true,"href":"https:\/\/rostudio.lv\/lv\/wp-json\/wp\/v2\/media\/2462"}],"wp:attachment":[{"href":"https:\/\/rostudio.lv\/lv\/wp-json\/wp\/v2\/media?parent=5258"}],"wp:term":[{"taxonomy":"product_brand","embeddable":true,"href":"https:\/\/rostudio.lv\/lv\/wp-json\/wp\/v2\/product_brand?post=5258"},{"taxonomy":"product_cat","embeddable":true,"href":"https:\/\/rostudio.lv\/lv\/wp-json\/wp\/v2\/product_cat?post=5258"},{"taxonomy":"product_tag","embeddable":true,"href":"https:\/\/rostudio.lv\/lv\/wp-json\/wp\/v2\/product_tag?post=5258"}],"curies":[{"name":"wp","href":"https:\/\/api.w.org\/{rel}","templated":true}]}}