{"id":5257,"date":"2021-09-12T18:10:36","date_gmt":"2021-09-12T16:10:36","guid":{"rendered":"https:\/\/rostudio.lv\/shop\/160821\/"},"modified":"2021-09-12T18:10:36","modified_gmt":"2021-09-12T16:10:36","slug":"160821","status":"publish","type":"product","link":"https:\/\/rostudio.lv\/lv\/shop\/160821\/","title":{"rendered":"160821"},"content":{"rendered":"","protected":false},"excerpt":{"rendered":"<p>majest\u0101tisks iedvesm\u0101, tom\u0113r smalki attur\u012bgs \u2014 meln\u0101 p\u0113rle ir dizaina enkurs, savuk\u0101rt mat\u0113ts, oksid\u0113ts un pul\u0113ts sudrabs rada dinamisku, tekst\u016bras dialogu<\/p>\n","protected":false},"featured_media":2488,"template":"","meta":[],"product_brand":[],"product_cat":[180,177],"product_tag":[],"class_list":{"0":"post-5257","1":"product","2":"type-product","3":"status-publish","4":"has-post-thumbnail","6":"product_cat-gredzeni","7":"product_cat-visas-rotaslietas","9":"first","10":"instock","11":"sold-individually","12":"taxable","13":"shipping-taxable","14":"purchasable","15":"product-type-variable","16":"layout-style-2","17":"col-md-4 col-sm-4 col-xs-6","18":"col-lg-3","19":"product-style-quickview"},"_links":{"self":[{"href":"https:\/\/rostudio.lv\/lv\/wp-json\/wp\/v2\/product\/5257","targetHints":{"allow":["GET"]}}],"collection":[{"href":"https:\/\/rostudio.lv\/lv\/wp-json\/wp\/v2\/product"}],"about":[{"href":"https:\/\/rostudio.lv\/lv\/wp-json\/wp\/v2\/types\/product"}],"wp:featuredmedia":[{"embeddable":true,"href":"https:\/\/rostudio.lv\/lv\/wp-json\/wp\/v2\/media\/2488"}],"wp:attachment":[{"href":"https:\/\/rostudio.lv\/lv\/wp-json\/wp\/v2\/media?parent=5257"}],"wp:term":[{"taxonomy":"product_brand","embeddable":true,"href":"https:\/\/rostudio.lv\/lv\/wp-json\/wp\/v2\/product_brand?post=5257"},{"taxonomy":"product_cat","embeddable":true,"href":"https:\/\/rostudio.lv\/lv\/wp-json\/wp\/v2\/product_cat?post=5257"},{"taxonomy":"product_tag","embeddable":true,"href":"https:\/\/rostudio.lv\/lv\/wp-json\/wp\/v2\/product_tag?post=5257"}],"curies":[{"name":"wp","href":"https:\/\/api.w.org\/{rel}","templated":true}]}}