{"id":5230,"date":"2021-09-12T22:35:23","date_gmt":"2021-09-12T20:35:23","guid":{"rendered":"https:\/\/rostudio.lv\/shop\/140521\/"},"modified":"2021-09-12T22:35:23","modified_gmt":"2021-09-12T20:35:23","slug":"140521","status":"publish","type":"product","link":"https:\/\/rostudio.lv\/lv\/shop\/140521\/","title":{"rendered":"140521"},"content":{"rendered":"","protected":false},"excerpt":{"rendered":"<p>ja v\u0113laties justies \u012bpa\u0161i karaliski un grezni, tad \u0161is ir dom\u0101ts jums ___<span data-sheets-value=\"{\"1\":2,\"2\":\"this 14K (585\u00b0) solid gold ring mixed with 3 mm brilliant is a standout and will stack beautifully on the hand with other bands on neighboring fingers.\"}\" data-sheets-userformat=\"{\"2\":4739,\"3\":{\"1\":0},\"4\":[null,2,16777215],\"10\":2,\"12\":0,\"15\":\"Arial\"}\">14K (585\u00b0) zelta gredzens, kas papildin\u0101ts ar<\/span> desmit 2 mm mirdzo\u0161iem briljantiem.<\/p>\n","protected":false},"featured_media":2561,"template":"","meta":[],"product_brand":[],"product_cat":[180,181,177],"product_tag":[],"class_list":{"0":"post-5230","1":"product","2":"type-product","3":"status-publish","4":"has-post-thumbnail","6":"product_cat-gredzeni","7":"product_cat-saderinasanas-gredzeni","8":"product_cat-visas-rotaslietas","10":"first","11":"instock","12":"sold-individually","13":"taxable","14":"shipping-taxable","15":"purchasable","16":"product-type-variable","17":"has-default-attributes","18":"new","19":"layout-style-2","20":"col-md-4 col-sm-4 col-xs-6","21":"col-lg-3","22":"product-style-quickview"},"_links":{"self":[{"href":"https:\/\/rostudio.lv\/lv\/wp-json\/wp\/v2\/product\/5230","targetHints":{"allow":["GET"]}}],"collection":[{"href":"https:\/\/rostudio.lv\/lv\/wp-json\/wp\/v2\/product"}],"about":[{"href":"https:\/\/rostudio.lv\/lv\/wp-json\/wp\/v2\/types\/product"}],"wp:featuredmedia":[{"embeddable":true,"href":"https:\/\/rostudio.lv\/lv\/wp-json\/wp\/v2\/media\/2561"}],"wp:attachment":[{"href":"https:\/\/rostudio.lv\/lv\/wp-json\/wp\/v2\/media?parent=5230"}],"wp:term":[{"taxonomy":"product_brand","embeddable":true,"href":"https:\/\/rostudio.lv\/lv\/wp-json\/wp\/v2\/product_brand?post=5230"},{"taxonomy":"product_cat","embeddable":true,"href":"https:\/\/rostudio.lv\/lv\/wp-json\/wp\/v2\/product_cat?post=5230"},{"taxonomy":"product_tag","embeddable":true,"href":"https:\/\/rostudio.lv\/lv\/wp-json\/wp\/v2\/product_tag?post=5230"}],"curies":[{"name":"wp","href":"https:\/\/api.w.org\/{rel}","templated":true}]}}