{"id":5223,"date":"2021-09-12T21:02:13","date_gmt":"2021-09-12T19:02:13","guid":{"rendered":"https:\/\/rostudio.lv\/shop\/110921\/"},"modified":"2021-09-12T21:02:13","modified_gmt":"2021-09-12T19:02:13","slug":"110921","status":"publish","type":"product","link":"https:\/\/rostudio.lv\/lv\/shop\/110921\/","title":{"rendered":"110921"},"content":{"rendered":"","protected":false},"excerpt":{"rendered":"<p>\u0160is sudraba gredzens ar kalnu krist\u0101lu izce\u013cas ar savu vienk\u0101r\u0161\u012bbu, l\u012bdzsvarojot neuzkr\u012bto\u0161u eleganci ar ma\u0123ijas piesk\u0101rienu.<\/p>\n","protected":false},"featured_media":2501,"template":"","meta":[],"product_brand":[],"product_cat":[180,177],"product_tag":[],"class_list":{"0":"post-5223","1":"product","2":"type-product","3":"status-publish","4":"has-post-thumbnail","6":"product_cat-gredzeni","7":"product_cat-visas-rotaslietas","9":"first","10":"instock","11":"sold-individually","12":"taxable","13":"shipping-taxable","14":"purchasable","15":"product-type-variable","16":"layout-style-2","17":"col-md-4 col-sm-4 col-xs-6","18":"col-lg-3","19":"product-style-quickview"},"_links":{"self":[{"href":"https:\/\/rostudio.lv\/lv\/wp-json\/wp\/v2\/product\/5223","targetHints":{"allow":["GET"]}}],"collection":[{"href":"https:\/\/rostudio.lv\/lv\/wp-json\/wp\/v2\/product"}],"about":[{"href":"https:\/\/rostudio.lv\/lv\/wp-json\/wp\/v2\/types\/product"}],"wp:featuredmedia":[{"embeddable":true,"href":"https:\/\/rostudio.lv\/lv\/wp-json\/wp\/v2\/media\/2501"}],"wp:attachment":[{"href":"https:\/\/rostudio.lv\/lv\/wp-json\/wp\/v2\/media?parent=5223"}],"wp:term":[{"taxonomy":"product_brand","embeddable":true,"href":"https:\/\/rostudio.lv\/lv\/wp-json\/wp\/v2\/product_brand?post=5223"},{"taxonomy":"product_cat","embeddable":true,"href":"https:\/\/rostudio.lv\/lv\/wp-json\/wp\/v2\/product_cat?post=5223"},{"taxonomy":"product_tag","embeddable":true,"href":"https:\/\/rostudio.lv\/lv\/wp-json\/wp\/v2\/product_tag?post=5223"}],"curies":[{"name":"wp","href":"https:\/\/api.w.org\/{rel}","templated":true}]}}