{"id":5202,"date":"2021-09-12T21:23:46","date_gmt":"2021-09-12T19:23:46","guid":{"rendered":"https:\/\/rostudio.lv\/shop\/100921\/"},"modified":"2021-09-12T21:23:46","modified_gmt":"2021-09-12T19:23:46","slug":"100921","status":"publish","type":"product","link":"https:\/\/rostudio.lv\/lv\/shop\/100921\/","title":{"rendered":"100921"},"content":{"rendered":"","protected":false},"excerpt":{"rendered":"<p>\u0160is 14K (585\u00b0) zelta gredzens ar 8 ct moisan\u012btu ir izcils un skaisti sp\u012bd\u0113s uz rokas, atst\u0101jot visus bez elpas.<\/p>\n","protected":false},"featured_media":2528,"template":"","meta":[],"product_brand":[],"product_cat":[180,181,177],"product_tag":[],"class_list":{"0":"post-5202","1":"product","2":"type-product","3":"status-publish","4":"has-post-thumbnail","6":"product_cat-gredzeni","7":"product_cat-saderinasanas-gredzeni","8":"product_cat-visas-rotaslietas","10":"first","11":"instock","12":"sold-individually","13":"taxable","14":"shipping-taxable","15":"purchasable","16":"product-type-variable","17":"has-default-attributes","18":"new","19":"layout-style-2","20":"col-md-4 col-sm-4 col-xs-6","21":"col-lg-3","22":"product-style-quickview"},"_links":{"self":[{"href":"https:\/\/rostudio.lv\/lv\/wp-json\/wp\/v2\/product\/5202","targetHints":{"allow":["GET"]}}],"collection":[{"href":"https:\/\/rostudio.lv\/lv\/wp-json\/wp\/v2\/product"}],"about":[{"href":"https:\/\/rostudio.lv\/lv\/wp-json\/wp\/v2\/types\/product"}],"wp:featuredmedia":[{"embeddable":true,"href":"https:\/\/rostudio.lv\/lv\/wp-json\/wp\/v2\/media\/2528"}],"wp:attachment":[{"href":"https:\/\/rostudio.lv\/lv\/wp-json\/wp\/v2\/media?parent=5202"}],"wp:term":[{"taxonomy":"product_brand","embeddable":true,"href":"https:\/\/rostudio.lv\/lv\/wp-json\/wp\/v2\/product_brand?post=5202"},{"taxonomy":"product_cat","embeddable":true,"href":"https:\/\/rostudio.lv\/lv\/wp-json\/wp\/v2\/product_cat?post=5202"},{"taxonomy":"product_tag","embeddable":true,"href":"https:\/\/rostudio.lv\/lv\/wp-json\/wp\/v2\/product_tag?post=5202"}],"curies":[{"name":"wp","href":"https:\/\/api.w.org\/{rel}","templated":true}]}}