{"id":5098,"date":"2021-12-10T18:31:03","date_gmt":"2021-12-10T16:31:03","guid":{"rendered":"https:\/\/rostudio.lv\/shop\/091290\/"},"modified":"2021-12-10T18:31:03","modified_gmt":"2021-12-10T16:31:03","slug":"091290","status":"publish","type":"product","link":"https:\/\/rostudio.lv\/lv\/shop\/091290\/","title":{"rendered":"091290"},"content":{"rendered":"","protected":false},"excerpt":{"rendered":"<p>maiga gaisma, kas ietverta as\u0101 kont\u016br\u0101<\/p>\n<p>10 mm kaholonga op\u0101ls apzelt\u012bt\u0101 sudraba r\u0101m\u012b<\/p>\n<p>\/\/ sudraba \u0137\u0113d\u012btes nav iek\u013cautas komplekt\u0101 un ir j\u0101ieg\u0101d\u0101jas atsevi\u0161\u0137i<\/p>\n","protected":false},"featured_media":2695,"template":"","meta":[],"product_brand":[],"product_cat":[214,177],"product_tag":[],"class_list":{"0":"post-5098","1":"product","2":"type-product","3":"status-publish","4":"has-post-thumbnail","6":"product_cat-kuloni","7":"product_cat-visas-rotaslietas","9":"first","10":"instock","11":"sold-individually","12":"taxable","13":"shipping-taxable","14":"purchasable","15":"product-type-variable","16":"has-default-attributes","17":"layout-style-2","18":"col-md-4 col-sm-4 col-xs-6","19":"col-lg-3","20":"product-style-quickview"},"_links":{"self":[{"href":"https:\/\/rostudio.lv\/lv\/wp-json\/wp\/v2\/product\/5098","targetHints":{"allow":["GET"]}}],"collection":[{"href":"https:\/\/rostudio.lv\/lv\/wp-json\/wp\/v2\/product"}],"about":[{"href":"https:\/\/rostudio.lv\/lv\/wp-json\/wp\/v2\/types\/product"}],"wp:featuredmedia":[{"embeddable":true,"href":"https:\/\/rostudio.lv\/lv\/wp-json\/wp\/v2\/media\/2695"}],"wp:attachment":[{"href":"https:\/\/rostudio.lv\/lv\/wp-json\/wp\/v2\/media?parent=5098"}],"wp:term":[{"taxonomy":"product_brand","embeddable":true,"href":"https:\/\/rostudio.lv\/lv\/wp-json\/wp\/v2\/product_brand?post=5098"},{"taxonomy":"product_cat","embeddable":true,"href":"https:\/\/rostudio.lv\/lv\/wp-json\/wp\/v2\/product_cat?post=5098"},{"taxonomy":"product_tag","embeddable":true,"href":"https:\/\/rostudio.lv\/lv\/wp-json\/wp\/v2\/product_tag?post=5098"}],"curies":[{"name":"wp","href":"https:\/\/api.w.org\/{rel}","templated":true}]}}