{"id":5081,"date":"2021-12-01T16:16:18","date_gmt":"2021-12-01T14:16:18","guid":{"rendered":"https:\/\/rostudio.lv\/shop\/181121\/"},"modified":"2021-12-01T16:16:18","modified_gmt":"2021-12-01T14:16:18","slug":"181121","status":"publish","type":"product","link":"https:\/\/rostudio.lv\/lv\/shop\/181121\/","title":{"rendered":"181121"},"content":{"rendered":"","protected":false},"excerpt":{"rendered":"<p>Izsmalcin\u0101ta kombin\u0101cija harmonisk\u0101 duet\u0101: izsmalcin\u0101tas, t\u012bras l\u012bnijas un ikonisks siluets sieviet\u0113m, kuras aizrauj vienk\u0101r\u0161\u012bba un augst\u0101k\u0101s klases dizains.<\/p>\n<p>Gredzens un pamatne: sudrabs (925\u00b0), r\u0101mis: 14k (585\u00b0) zelts un 5 x 50 mm onikss, kas iestr\u0101d\u0101ts centr\u0101.<\/p>\n","protected":false},"featured_media":2644,"template":"","meta":[],"product_brand":[],"product_cat":[180,177],"product_tag":[],"class_list":{"0":"post-5081","1":"product","2":"type-product","3":"status-publish","4":"has-post-thumbnail","6":"product_cat-gredzeni","7":"product_cat-visas-rotaslietas","9":"first","10":"instock","11":"sold-individually","12":"taxable","13":"shipping-taxable","14":"purchasable","15":"product-type-variable","16":"has-default-attributes","17":"layout-style-2","18":"col-md-4 col-sm-4 col-xs-6","19":"col-lg-3","20":"product-style-quickview"},"_links":{"self":[{"href":"https:\/\/rostudio.lv\/lv\/wp-json\/wp\/v2\/product\/5081","targetHints":{"allow":["GET"]}}],"collection":[{"href":"https:\/\/rostudio.lv\/lv\/wp-json\/wp\/v2\/product"}],"about":[{"href":"https:\/\/rostudio.lv\/lv\/wp-json\/wp\/v2\/types\/product"}],"wp:featuredmedia":[{"embeddable":true,"href":"https:\/\/rostudio.lv\/lv\/wp-json\/wp\/v2\/media\/2644"}],"wp:attachment":[{"href":"https:\/\/rostudio.lv\/lv\/wp-json\/wp\/v2\/media?parent=5081"}],"wp:term":[{"taxonomy":"product_brand","embeddable":true,"href":"https:\/\/rostudio.lv\/lv\/wp-json\/wp\/v2\/product_brand?post=5081"},{"taxonomy":"product_cat","embeddable":true,"href":"https:\/\/rostudio.lv\/lv\/wp-json\/wp\/v2\/product_cat?post=5081"},{"taxonomy":"product_tag","embeddable":true,"href":"https:\/\/rostudio.lv\/lv\/wp-json\/wp\/v2\/product_tag?post=5081"}],"curies":[{"name":"wp","href":"https:\/\/api.w.org\/{rel}","templated":true}]}}