{"id":5038,"date":"2022-01-19T16:47:41","date_gmt":"2022-01-19T14:47:41","guid":{"rendered":"https:\/\/rostudio.lv\/shop\/161221\/"},"modified":"2022-01-19T16:47:41","modified_gmt":"2022-01-19T14:47:41","slug":"161221","status":"publish","type":"product","link":"https:\/\/rostudio.lv\/lv\/shop\/161221\/","title":{"rendered":"161221"},"content":{"rendered":"","protected":false},"excerpt":{"rendered":"<p>nep\u0101rsp\u012bl\u0113ta elegance ar karalisku piesk\u0101rienu<\/p>\n<p>apa\u013c\u0161 smaragds, kas iestr\u0101d\u0101ts sudraba josl\u0101<\/p>\n","protected":false},"featured_media":2727,"template":"","meta":[],"product_brand":[],"product_cat":[180,181,177],"product_tag":[],"class_list":{"0":"post-5038","1":"product","2":"type-product","3":"status-publish","4":"has-post-thumbnail","6":"product_cat-gredzeni","7":"product_cat-saderinasanas-gredzeni","8":"product_cat-visas-rotaslietas","10":"first","11":"instock","12":"sold-individually","13":"taxable","14":"shipping-taxable","15":"purchasable","16":"product-type-variable","17":"layout-style-2","18":"col-md-4 col-sm-4 col-xs-6","19":"col-lg-3","20":"product-style-quickview"},"_links":{"self":[{"href":"https:\/\/rostudio.lv\/lv\/wp-json\/wp\/v2\/product\/5038","targetHints":{"allow":["GET"]}}],"collection":[{"href":"https:\/\/rostudio.lv\/lv\/wp-json\/wp\/v2\/product"}],"about":[{"href":"https:\/\/rostudio.lv\/lv\/wp-json\/wp\/v2\/types\/product"}],"wp:featuredmedia":[{"embeddable":true,"href":"https:\/\/rostudio.lv\/lv\/wp-json\/wp\/v2\/media\/2727"}],"wp:attachment":[{"href":"https:\/\/rostudio.lv\/lv\/wp-json\/wp\/v2\/media?parent=5038"}],"wp:term":[{"taxonomy":"product_brand","embeddable":true,"href":"https:\/\/rostudio.lv\/lv\/wp-json\/wp\/v2\/product_brand?post=5038"},{"taxonomy":"product_cat","embeddable":true,"href":"https:\/\/rostudio.lv\/lv\/wp-json\/wp\/v2\/product_cat?post=5038"},{"taxonomy":"product_tag","embeddable":true,"href":"https:\/\/rostudio.lv\/lv\/wp-json\/wp\/v2\/product_tag?post=5038"}],"curies":[{"name":"wp","href":"https:\/\/api.w.org\/{rel}","templated":true}]}}