{"id":5026,"date":"2022-02-04T20:40:38","date_gmt":"2022-02-04T18:40:38","guid":{"rendered":"https:\/\/rostudio.lv\/shop\/110270\/"},"modified":"2022-02-04T20:40:38","modified_gmt":"2022-02-04T18:40:38","slug":"110270","status":"publish","type":"product","link":"https:\/\/rostudio.lv\/lv\/shop\/110270\/","title":{"rendered":"110270"},"content":{"rendered":"","protected":false},"excerpt":{"rendered":"<p>romantiz\u0113jot vienk\u0101r\u0161as lietas<\/p>\n<p>ar rok\u0101m veidots sirds formas kaholonga op\u0101ls, kas ietverts sudraba r\u0101m\u012b \u2013 izv\u0113lieties starp smalku 7 mm piekari\u0146u vai izteiksm\u012bgu 13 mm akcentu<\/p>\n<p><span data-sheets-value=\"{\"1\":2,\"2\":\"with an onyx set in the center of sterling silver frame, this pendant captures the perfect mix of old world charm and the mesmerizing power of a new world ___silver chains are not included and must be purchased separately.\"}\" data-sheets-userformat=\"{\"2\":4739,\"3\":{\"1\":0},\"4\":[null,2,16777215],\"10\":2,\"12\":0,\"15\":\"Arial\"}\">\/\/ sudraba \u0137\u0113d\u012btes nav iek\u013cautas komplekt\u0101 un j\u0101ieg\u0101d\u0101jas atsevi\u0161\u0137i<\/span><\/p>\n","protected":false},"featured_media":2866,"template":"","meta":[],"product_brand":[],"product_cat":[214,177],"product_tag":[],"class_list":{"0":"post-5026","1":"product","2":"type-product","3":"status-publish","4":"has-post-thumbnail","6":"product_cat-kuloni","7":"product_cat-visas-rotaslietas","9":"first","10":"instock","11":"sold-individually","12":"taxable","13":"shipping-taxable","14":"purchasable","15":"product-type-variable","16":"layout-style-2","17":"col-md-4 col-sm-4 col-xs-6","18":"col-lg-3","19":"product-style-quickview"},"_links":{"self":[{"href":"https:\/\/rostudio.lv\/lv\/wp-json\/wp\/v2\/product\/5026","targetHints":{"allow":["GET"]}}],"collection":[{"href":"https:\/\/rostudio.lv\/lv\/wp-json\/wp\/v2\/product"}],"about":[{"href":"https:\/\/rostudio.lv\/lv\/wp-json\/wp\/v2\/types\/product"}],"wp:featuredmedia":[{"embeddable":true,"href":"https:\/\/rostudio.lv\/lv\/wp-json\/wp\/v2\/media\/2866"}],"wp:attachment":[{"href":"https:\/\/rostudio.lv\/lv\/wp-json\/wp\/v2\/media?parent=5026"}],"wp:term":[{"taxonomy":"product_brand","embeddable":true,"href":"https:\/\/rostudio.lv\/lv\/wp-json\/wp\/v2\/product_brand?post=5026"},{"taxonomy":"product_cat","embeddable":true,"href":"https:\/\/rostudio.lv\/lv\/wp-json\/wp\/v2\/product_cat?post=5026"},{"taxonomy":"product_tag","embeddable":true,"href":"https:\/\/rostudio.lv\/lv\/wp-json\/wp\/v2\/product_tag?post=5026"}],"curies":[{"name":"wp","href":"https:\/\/api.w.org\/{rel}","templated":true}]}}