{"id":4931,"date":"2022-03-30T17:09:42","date_gmt":"2022-03-30T15:09:42","guid":{"rendered":"https:\/\/rostudio.lv\/shop\/231250\/"},"modified":"2022-03-30T17:09:42","modified_gmt":"2022-03-30T15:09:42","slug":"231250","status":"publish","type":"product","link":"https:\/\/rostudio.lv\/lv\/shop\/231250\/","title":{"rendered":"231250"},"content":{"rendered":"","protected":false},"excerpt":{"rendered":"<p>aplis, kas v\u0113sta par veselumu.<\/p>\n<p>Divi pul\u0113ti 7 mm oniksa akme\u0146i, iestr\u0101d\u0101ti sterli\u0146u sudrab\u0101, pie\u0161\u0137irot j\u016bsu izskatam koncentr\u0113tu elegances akcentu.<br data-start=\"526\" data-end=\"529\">Izstr\u0101d\u0101ti, lai tos var\u0113tu viegli saska\u0146ot ar gredzenu 160820.<\/p>\n","protected":false},"featured_media":2956,"template":"","meta":[],"product_brand":[],"product_cat":[187,177],"product_tag":[],"class_list":{"0":"post-4931","1":"product","2":"type-product","3":"status-publish","4":"has-post-thumbnail","6":"product_cat-auskari","7":"product_cat-visas-rotaslietas","9":"first","10":"instock","11":"sold-individually","12":"taxable","13":"shipping-taxable","14":"purchasable","15":"product-type-variable","16":"has-default-attributes","17":"layout-style-2","18":"col-md-4 col-sm-4 col-xs-6","19":"col-lg-3","20":"product-style-quickview"},"_links":{"self":[{"href":"https:\/\/rostudio.lv\/lv\/wp-json\/wp\/v2\/product\/4931","targetHints":{"allow":["GET"]}}],"collection":[{"href":"https:\/\/rostudio.lv\/lv\/wp-json\/wp\/v2\/product"}],"about":[{"href":"https:\/\/rostudio.lv\/lv\/wp-json\/wp\/v2\/types\/product"}],"wp:featuredmedia":[{"embeddable":true,"href":"https:\/\/rostudio.lv\/lv\/wp-json\/wp\/v2\/media\/2956"}],"wp:attachment":[{"href":"https:\/\/rostudio.lv\/lv\/wp-json\/wp\/v2\/media?parent=4931"}],"wp:term":[{"taxonomy":"product_brand","embeddable":true,"href":"https:\/\/rostudio.lv\/lv\/wp-json\/wp\/v2\/product_brand?post=4931"},{"taxonomy":"product_cat","embeddable":true,"href":"https:\/\/rostudio.lv\/lv\/wp-json\/wp\/v2\/product_cat?post=4931"},{"taxonomy":"product_tag","embeddable":true,"href":"https:\/\/rostudio.lv\/lv\/wp-json\/wp\/v2\/product_tag?post=4931"}],"curies":[{"name":"wp","href":"https:\/\/api.w.org\/{rel}","templated":true}]}}