{"id":4896,"date":"2023-02-13T18:40:34","date_gmt":"2023-02-13T16:40:34","guid":{"rendered":"https:\/\/rostudio.lv\/shop\/090622\/"},"modified":"2023-02-13T18:40:34","modified_gmt":"2023-02-13T16:40:34","slug":"090622","status":"publish","type":"product","link":"https:\/\/rostudio.lv\/lv\/shop\/090622\/","title":{"rendered":"090622"},"content":{"rendered":"","protected":false},"excerpt":{"rendered":"<p>divu ov\u0101lu kaholonga op\u0101la akme\u0146u komplekts, ko atdala sudraba gredzens<\/p>\n<p>___organiski iek\u013caujas starp pirkstiem, izce\u013cot j\u016bsu rokas eleganci.<\/p>\n<p>&nbsp;<\/p>\n","protected":false},"featured_media":3102,"template":"","meta":[],"product_brand":[],"product_cat":[180,177],"product_tag":[],"class_list":{"0":"post-4896","1":"product","2":"type-product","3":"status-publish","4":"has-post-thumbnail","6":"product_cat-gredzeni","7":"product_cat-visas-rotaslietas","9":"first","10":"instock","11":"sold-individually","12":"taxable","13":"shipping-taxable","14":"purchasable","15":"product-type-variable","16":"layout-style-2","17":"col-md-4 col-sm-4 col-xs-6","18":"col-lg-3","19":"product-style-quickview"},"_links":{"self":[{"href":"https:\/\/rostudio.lv\/lv\/wp-json\/wp\/v2\/product\/4896","targetHints":{"allow":["GET"]}}],"collection":[{"href":"https:\/\/rostudio.lv\/lv\/wp-json\/wp\/v2\/product"}],"about":[{"href":"https:\/\/rostudio.lv\/lv\/wp-json\/wp\/v2\/types\/product"}],"wp:featuredmedia":[{"embeddable":true,"href":"https:\/\/rostudio.lv\/lv\/wp-json\/wp\/v2\/media\/3102"}],"wp:attachment":[{"href":"https:\/\/rostudio.lv\/lv\/wp-json\/wp\/v2\/media?parent=4896"}],"wp:term":[{"taxonomy":"product_brand","embeddable":true,"href":"https:\/\/rostudio.lv\/lv\/wp-json\/wp\/v2\/product_brand?post=4896"},{"taxonomy":"product_cat","embeddable":true,"href":"https:\/\/rostudio.lv\/lv\/wp-json\/wp\/v2\/product_cat?post=4896"},{"taxonomy":"product_tag","embeddable":true,"href":"https:\/\/rostudio.lv\/lv\/wp-json\/wp\/v2\/product_tag?post=4896"}],"curies":[{"name":"wp","href":"https:\/\/api.w.org\/{rel}","templated":true}]}}