{"id":4882,"date":"2022-03-25T17:34:39","date_gmt":"2022-03-25T15:34:39","guid":{"rendered":"https:\/\/rostudio.lv\/shop\/161290\/"},"modified":"2022-03-25T17:34:39","modified_gmt":"2022-03-25T15:34:39","slug":"161290","status":"publish","type":"product","link":"https:\/\/rostudio.lv\/lv\/shop\/161290\/","title":{"rendered":"161290"},"content":{"rendered":"","protected":false},"excerpt":{"rendered":"<p>smalks deta\u013cu prieks<\/p>\n<p>Asimetrisks oniksa komplekts mirdzo\u0161\u0101, ar zeltu p\u0101rkl\u0101t\u0101 sudrab\u0101<\/p>\n<p><span data-sheets-value=\"{\"1\":2,\"2\":\"these round onyx earrings will add an air of elegance to any ensemble, wether paired with jeans and a tee or dressed up for a special occasion ___match with our 160820 ring.\"}\" data-sheets-userformat=\"{\"2\":7043,\"3\":{\"1\":0},\"4\":[null,2,16777215],\"10\":2,\"11\":4,\"12\":0,\"14\":[null,2,0],\"15\":\"Arial\"}\">___saska\u0146ojiet ar m\u016bsu <a href=\"https:\/\/rostudio.lv\/shop\/091090\/\">091090<\/a> gredzenu<\/span><\/p>\n","protected":false},"featured_media":2940,"template":"","meta":[],"product_brand":[],"product_cat":[187,177],"product_tag":[],"class_list":{"0":"post-4882","1":"product","2":"type-product","3":"status-publish","4":"has-post-thumbnail","6":"product_cat-auskari","7":"product_cat-visas-rotaslietas","9":"first","10":"instock","11":"sold-individually","12":"taxable","13":"shipping-taxable","14":"purchasable","15":"product-type-variable","16":"has-default-attributes","17":"layout-style-2","18":"col-md-4 col-sm-4 col-xs-6","19":"col-lg-3","20":"product-style-quickview"},"_links":{"self":[{"href":"https:\/\/rostudio.lv\/lv\/wp-json\/wp\/v2\/product\/4882","targetHints":{"allow":["GET"]}}],"collection":[{"href":"https:\/\/rostudio.lv\/lv\/wp-json\/wp\/v2\/product"}],"about":[{"href":"https:\/\/rostudio.lv\/lv\/wp-json\/wp\/v2\/types\/product"}],"wp:featuredmedia":[{"embeddable":true,"href":"https:\/\/rostudio.lv\/lv\/wp-json\/wp\/v2\/media\/2940"}],"wp:attachment":[{"href":"https:\/\/rostudio.lv\/lv\/wp-json\/wp\/v2\/media?parent=4882"}],"wp:term":[{"taxonomy":"product_brand","embeddable":true,"href":"https:\/\/rostudio.lv\/lv\/wp-json\/wp\/v2\/product_brand?post=4882"},{"taxonomy":"product_cat","embeddable":true,"href":"https:\/\/rostudio.lv\/lv\/wp-json\/wp\/v2\/product_cat?post=4882"},{"taxonomy":"product_tag","embeddable":true,"href":"https:\/\/rostudio.lv\/lv\/wp-json\/wp\/v2\/product_tag?post=4882"}],"curies":[{"name":"wp","href":"https:\/\/api.w.org\/{rel}","templated":true}]}}