{"id":4863,"date":"2024-01-24T14:38:11","date_gmt":"2024-01-24T12:38:11","guid":{"rendered":"https:\/\/rostudio.lv\/shop\/240723\/"},"modified":"2024-01-24T14:38:11","modified_gmt":"2024-01-24T12:38:11","slug":"240723","status":"publish","type":"product","link":"https:\/\/rostudio.lv\/lv\/shop\/240723\/","title":{"rendered":"240723"},"content":{"rendered":"","protected":false},"excerpt":{"rendered":"<p>Izbaudiet minim\u0101lisma sp\u0113ku ar \u0161o 6 x 60 mm kaholonga op\u0101la komplektu, kas iestr\u0101d\u0101ts sp\u012bd\u012bg\u0101 sudraba r\u0101m\u012b<\/p>\n","protected":false},"featured_media":3256,"template":"","meta":[],"product_brand":[],"product_cat":[180,177],"product_tag":[],"class_list":{"0":"post-4863","1":"product","2":"type-product","3":"status-publish","4":"has-post-thumbnail","6":"product_cat-gredzeni","7":"product_cat-visas-rotaslietas","9":"first","10":"instock","11":"sold-individually","12":"taxable","13":"shipping-taxable","14":"purchasable","15":"product-type-variable","16":"layout-style-2","17":"col-md-4 col-sm-4 col-xs-6","18":"col-lg-3","19":"product-style-quickview"},"_links":{"self":[{"href":"https:\/\/rostudio.lv\/lv\/wp-json\/wp\/v2\/product\/4863","targetHints":{"allow":["GET"]}}],"collection":[{"href":"https:\/\/rostudio.lv\/lv\/wp-json\/wp\/v2\/product"}],"about":[{"href":"https:\/\/rostudio.lv\/lv\/wp-json\/wp\/v2\/types\/product"}],"wp:featuredmedia":[{"embeddable":true,"href":"https:\/\/rostudio.lv\/lv\/wp-json\/wp\/v2\/media\/3256"}],"wp:attachment":[{"href":"https:\/\/rostudio.lv\/lv\/wp-json\/wp\/v2\/media?parent=4863"}],"wp:term":[{"taxonomy":"product_brand","embeddable":true,"href":"https:\/\/rostudio.lv\/lv\/wp-json\/wp\/v2\/product_brand?post=4863"},{"taxonomy":"product_cat","embeddable":true,"href":"https:\/\/rostudio.lv\/lv\/wp-json\/wp\/v2\/product_cat?post=4863"},{"taxonomy":"product_tag","embeddable":true,"href":"https:\/\/rostudio.lv\/lv\/wp-json\/wp\/v2\/product_tag?post=4863"}],"curies":[{"name":"wp","href":"https:\/\/api.w.org\/{rel}","templated":true}]}}