{"id":4853,"date":"2024-01-31T14:55:30","date_gmt":"2024-01-31T12:55:30","guid":{"rendered":"https:\/\/rostudio.lv\/shop\/141250\/"},"modified":"2024-01-31T14:55:30","modified_gmt":"2024-01-31T12:55:30","slug":"141250","status":"publish","type":"product","link":"https:\/\/rostudio.lv\/lv\/shop\/141250\/","title":{"rendered":"141250"},"content":{"rendered":"","protected":false},"excerpt":{"rendered":"<p>\u0161ie apa\u013cie kacholonga op\u0101la auskari pie\u0161\u0137irs eleganci jebkuram t\u0113rpam neatkar\u012bgi no t\u0101, vai tos valk\u0101 ar d\u017einsiem un T-kreklu, vai ar\u012b \u012bpa\u0161am notikumam<\/p>\n","protected":false},"featured_media":3271,"template":"","meta":[],"product_brand":[],"product_cat":[187,177],"product_tag":[],"class_list":{"0":"post-4853","1":"product","2":"type-product","3":"status-publish","4":"has-post-thumbnail","6":"product_cat-auskari","7":"product_cat-visas-rotaslietas","9":"first","10":"instock","11":"sold-individually","12":"taxable","13":"shipping-taxable","14":"purchasable","15":"product-type-variable","16":"has-default-attributes","17":"layout-style-2","18":"col-md-4 col-sm-4 col-xs-6","19":"col-lg-3","20":"product-style-quickview"},"_links":{"self":[{"href":"https:\/\/rostudio.lv\/lv\/wp-json\/wp\/v2\/product\/4853","targetHints":{"allow":["GET"]}}],"collection":[{"href":"https:\/\/rostudio.lv\/lv\/wp-json\/wp\/v2\/product"}],"about":[{"href":"https:\/\/rostudio.lv\/lv\/wp-json\/wp\/v2\/types\/product"}],"wp:featuredmedia":[{"embeddable":true,"href":"https:\/\/rostudio.lv\/lv\/wp-json\/wp\/v2\/media\/3271"}],"wp:attachment":[{"href":"https:\/\/rostudio.lv\/lv\/wp-json\/wp\/v2\/media?parent=4853"}],"wp:term":[{"taxonomy":"product_brand","embeddable":true,"href":"https:\/\/rostudio.lv\/lv\/wp-json\/wp\/v2\/product_brand?post=4853"},{"taxonomy":"product_cat","embeddable":true,"href":"https:\/\/rostudio.lv\/lv\/wp-json\/wp\/v2\/product_cat?post=4853"},{"taxonomy":"product_tag","embeddable":true,"href":"https:\/\/rostudio.lv\/lv\/wp-json\/wp\/v2\/product_tag?post=4853"}],"curies":[{"name":"wp","href":"https:\/\/api.w.org\/{rel}","templated":true}]}}