{"id":4806,"date":"2025-03-24T15:08:53","date_gmt":"2025-03-24T13:08:53","guid":{"rendered":"https:\/\/rostudio.lv\/shop\/230325\/"},"modified":"2025-03-24T15:08:53","modified_gmt":"2025-03-24T13:08:53","slug":"230325","status":"publish","type":"product","link":"https:\/\/rostudio.lv\/lv\/shop\/230325\/","title":{"rendered":"230325"},"content":{"rendered":"","protected":false},"excerpt":{"rendered":"<p>M\u016b\u017e\u012bgs elegances simbols, kas atspogu\u013co nebeidzamu skaistumu un gr\u0101ciju. ___14K balt\u0101 zelta gredzens ar pilnu apli \u017eilbino\u0161u 2 mm apa\u013cu briljantu, kas paredz\u0113ts tiem, kuri nov\u0113rt\u0113 izsmalcin\u0101tu grezn\u012bbu.<\/p>\n<p>Lieliski piem\u0113rots k\u0101 mirdzo\u0161s laul\u012bbas gredzens, papildin\u0101jums citiem gredzeniem vai atsevi\u0161\u0137s akcents, \u0161is gredzens ir rad\u012bts m\u016b\u017ea garum\u0101 mirdzumam.<\/p>\n","protected":false},"featured_media":3407,"template":"","meta":[],"product_brand":[],"product_cat":[180,181,177],"product_tag":[],"class_list":{"0":"post-4806","1":"product","2":"type-product","3":"status-publish","4":"has-post-thumbnail","6":"product_cat-gredzeni","7":"product_cat-saderinasanas-gredzeni","8":"product_cat-visas-rotaslietas","10":"first","11":"onbackorder","12":"featured","13":"sold-individually","14":"taxable","15":"shipping-taxable","16":"purchasable","17":"product-type-variable","18":"has-default-attributes","19":"new","20":"layout-style-2","21":"col-md-4 col-sm-4 col-xs-6","22":"col-lg-3","23":"product-style-quickview"},"_links":{"self":[{"href":"https:\/\/rostudio.lv\/lv\/wp-json\/wp\/v2\/product\/4806","targetHints":{"allow":["GET"]}}],"collection":[{"href":"https:\/\/rostudio.lv\/lv\/wp-json\/wp\/v2\/product"}],"about":[{"href":"https:\/\/rostudio.lv\/lv\/wp-json\/wp\/v2\/types\/product"}],"wp:featuredmedia":[{"embeddable":true,"href":"https:\/\/rostudio.lv\/lv\/wp-json\/wp\/v2\/media\/3407"}],"wp:attachment":[{"href":"https:\/\/rostudio.lv\/lv\/wp-json\/wp\/v2\/media?parent=4806"}],"wp:term":[{"taxonomy":"product_brand","embeddable":true,"href":"https:\/\/rostudio.lv\/lv\/wp-json\/wp\/v2\/product_brand?post=4806"},{"taxonomy":"product_cat","embeddable":true,"href":"https:\/\/rostudio.lv\/lv\/wp-json\/wp\/v2\/product_cat?post=4806"},{"taxonomy":"product_tag","embeddable":true,"href":"https:\/\/rostudio.lv\/lv\/wp-json\/wp\/v2\/product_tag?post=4806"}],"curies":[{"name":"wp","href":"https:\/\/api.w.org\/{rel}","templated":true}]}}