{"id":4790,"date":"2025-03-24T16:00:41","date_gmt":"2025-03-24T14:00:41","guid":{"rendered":"https:\/\/rostudio.lv\/shop\/180250\/"},"modified":"2025-03-24T16:00:41","modified_gmt":"2025-03-24T14:00:41","slug":"180250","status":"publish","type":"product","link":"https:\/\/rostudio.lv\/lv\/shop\/180250\/","title":{"rendered":"180250"},"content":{"rendered":"","protected":false},"excerpt":{"rendered":"<p>moderns auskaru komplekts ar da\u017e\u0101da izm\u0113ra stien\u012b\u0161u veida sudraba auskariem; m\u016bsdien\u012bgs un daudzpus\u012bgs minim\u0101lisma risin\u0101jums. ___Izstr\u0101d\u0101ti \u0113rtai valk\u0101\u0161anai, valk\u0101jiet tos k\u0101 nesaska\u0146otu p\u0101ri, sak\u0101rtojiet tos vair\u0101kos p\u012brsingos vai vienk\u0101r\u0161i izmantojiet vienu izteiksm\u012bgu auskaru.<\/p>\n","protected":false},"featured_media":3410,"template":"","meta":[],"product_brand":[],"product_cat":[187,177],"product_tag":[],"class_list":{"0":"post-4790","1":"product","2":"type-product","3":"status-publish","4":"has-post-thumbnail","6":"product_cat-auskari","7":"product_cat-visas-rotaslietas","9":"first","10":"instock","11":"featured","12":"sold-individually","13":"taxable","14":"shipping-taxable","15":"purchasable","16":"product-type-variable","17":"has-default-attributes","18":"layout-style-2","19":"col-md-4 col-sm-4 col-xs-6","20":"col-lg-3","21":"product-style-quickview"},"_links":{"self":[{"href":"https:\/\/rostudio.lv\/lv\/wp-json\/wp\/v2\/product\/4790","targetHints":{"allow":["GET"]}}],"collection":[{"href":"https:\/\/rostudio.lv\/lv\/wp-json\/wp\/v2\/product"}],"about":[{"href":"https:\/\/rostudio.lv\/lv\/wp-json\/wp\/v2\/types\/product"}],"wp:featuredmedia":[{"embeddable":true,"href":"https:\/\/rostudio.lv\/lv\/wp-json\/wp\/v2\/media\/3410"}],"wp:attachment":[{"href":"https:\/\/rostudio.lv\/lv\/wp-json\/wp\/v2\/media?parent=4790"}],"wp:term":[{"taxonomy":"product_brand","embeddable":true,"href":"https:\/\/rostudio.lv\/lv\/wp-json\/wp\/v2\/product_brand?post=4790"},{"taxonomy":"product_cat","embeddable":true,"href":"https:\/\/rostudio.lv\/lv\/wp-json\/wp\/v2\/product_cat?post=4790"},{"taxonomy":"product_tag","embeddable":true,"href":"https:\/\/rostudio.lv\/lv\/wp-json\/wp\/v2\/product_tag?post=4790"}],"curies":[{"name":"wp","href":"https:\/\/api.w.org\/{rel}","templated":true}]}}