{"id":4776,"date":"2025-03-28T12:54:24","date_gmt":"2025-03-28T10:54:24","guid":{"rendered":"https:\/\/rostudio.lv\/shop\/270225\/"},"modified":"2025-03-28T12:54:24","modified_gmt":"2025-03-28T10:54:24","slug":"270225","status":"publish","type":"product","link":"https:\/\/rostudio.lv\/lv\/shop\/270225\/","title":{"rendered":"270225"},"content":{"rendered":"","protected":false},"excerpt":{"rendered":"<p>\u0160is <span data-sheets-value=\"{\"1\":2,\"2\":\"this 14K (585\u00b0) solid gold ring mixed with 3 mm brilliant is a standout and will stack beautifully on the hand with other bands on neighboring fingers.\"}\" data-sheets-userformat=\"{\"2\":4739,\"3\":{\"1\":0},\"4\":[null,2,16777215],\"10\":2,\"12\":0,\"15\":\"Arial\"}\">14K (585\u00b0)<\/span> dzelten\u0101 zelta gredzens ir rad\u012bts tiem, kas nov\u0113rt\u0113 m\u016b\u017e\u012bgu grezn\u012bbu ar modernu akcentu, un tas pau\u017e eleganci un m\u016bsdien\u012bgu dizainu.<\/p>\n<p>Gredzenam ir izteiksm\u012bgs 6 mm apa\u013c\u0161 briljants ietvar\u0101, kas pied\u0101v\u0101 gan karalisku klasiku, gan modernu est\u0113tiku. Augsti pul\u0113t\u0101 zelta josla pastiprina briljanta mirdzumu, savuk\u0101rt t\u0101 glud\u0101, minim\u0101listisk\u0101 forma pie\u0161\u0137ir izsmalcin\u0101t\u012bbu.<\/p>\n","protected":false},"featured_media":3438,"template":"","meta":[],"product_brand":[],"product_cat":[180,181,177],"product_tag":[],"class_list":{"0":"post-4776","1":"product","2":"type-product","3":"status-publish","4":"has-post-thumbnail","6":"product_cat-gredzeni","7":"product_cat-saderinasanas-gredzeni","8":"product_cat-visas-rotaslietas","10":"first","11":"instock","12":"sold-individually","13":"taxable","14":"shipping-taxable","15":"purchasable","16":"product-type-variable","17":"has-default-attributes","18":"new","19":"layout-style-2","20":"col-md-4 col-sm-4 col-xs-6","21":"col-lg-3","22":"product-style-quickview"},"_links":{"self":[{"href":"https:\/\/rostudio.lv\/lv\/wp-json\/wp\/v2\/product\/4776","targetHints":{"allow":["GET"]}}],"collection":[{"href":"https:\/\/rostudio.lv\/lv\/wp-json\/wp\/v2\/product"}],"about":[{"href":"https:\/\/rostudio.lv\/lv\/wp-json\/wp\/v2\/types\/product"}],"wp:featuredmedia":[{"embeddable":true,"href":"https:\/\/rostudio.lv\/lv\/wp-json\/wp\/v2\/media\/3438"}],"wp:attachment":[{"href":"https:\/\/rostudio.lv\/lv\/wp-json\/wp\/v2\/media?parent=4776"}],"wp:term":[{"taxonomy":"product_brand","embeddable":true,"href":"https:\/\/rostudio.lv\/lv\/wp-json\/wp\/v2\/product_brand?post=4776"},{"taxonomy":"product_cat","embeddable":true,"href":"https:\/\/rostudio.lv\/lv\/wp-json\/wp\/v2\/product_cat?post=4776"},{"taxonomy":"product_tag","embeddable":true,"href":"https:\/\/rostudio.lv\/lv\/wp-json\/wp\/v2\/product_tag?post=4776"}],"curies":[{"name":"wp","href":"https:\/\/api.w.org\/{rel}","templated":true}]}}