{"id":4751,"date":"2025-03-28T17:42:29","date_gmt":"2025-03-28T15:42:29","guid":{"rendered":"https:\/\/rostudio.lv\/shop\/kede-nr-3\/"},"modified":"2026-02-24T12:30:59","modified_gmt":"2026-02-24T10:30:59","slug":"kede-nr-3","status":"publish","type":"product","link":"https:\/\/rostudio.lv\/lv\/shop\/kede-nr-3\/","title":{"rendered":"\u0136\u0112DE Nr. 3"},"content":{"rendered":"","protected":false},"excerpt":{"rendered":"<p>Efekt\u012bga \u0137\u0113des kaklarota, kas izgatavota no augstas kvalit\u0101tes sudraba, ar drosm\u012bg\u0101m, lielizm\u0113ra posmiem, kas nodro\u0161ina modernu, bet m\u016b\u017e\u012bgu izskatu. Lieliski piem\u0113rota valk\u0101\u0161anai vair\u0101k\u0101s k\u0101rt\u0101s vai atsevi\u0161\u0137i.<\/p>\n<p>Pieejama ar <a href=\"https:\/\/rostudio.lv\/lv\/shop\/oniksa-sirds-nr-3\/\">sirds formas oniksa kulonu<\/a> vai bez t\u0101, \u013caujot izv\u0113l\u0113ties starp elegantu vienk\u0101r\u0161\u012bbu vai tum\u0161as elegances piesk\u0101rienu.<\/p>\n<p> Roku darbs ar precizit\u0101ti un paredz\u0113ta tiem, kas nov\u0113rt\u0113 drosm\u012bgu izsmalcin\u0101t\u012bbu.<\/p>\n","protected":false},"featured_media":4755,"template":"","meta":[],"product_brand":[],"product_cat":[219,177],"product_tag":[],"class_list":{"0":"post-4751","1":"product","2":"type-product","3":"status-publish","4":"has-post-thumbnail","6":"product_cat-kedes","7":"product_cat-visas-rotaslietas","9":"first","10":"instock","11":"featured","12":"sold-individually","13":"taxable","14":"shipping-taxable","15":"purchasable","16":"product-type-variable","17":"layout-style-2","18":"col-md-4 col-sm-4 col-xs-6","19":"col-lg-3","20":"product-style-quickview"},"_links":{"self":[{"href":"https:\/\/rostudio.lv\/lv\/wp-json\/wp\/v2\/product\/4751","targetHints":{"allow":["GET"]}}],"collection":[{"href":"https:\/\/rostudio.lv\/lv\/wp-json\/wp\/v2\/product"}],"about":[{"href":"https:\/\/rostudio.lv\/lv\/wp-json\/wp\/v2\/types\/product"}],"wp:featuredmedia":[{"embeddable":true,"href":"https:\/\/rostudio.lv\/lv\/wp-json\/wp\/v2\/media\/4755"}],"wp:attachment":[{"href":"https:\/\/rostudio.lv\/lv\/wp-json\/wp\/v2\/media?parent=4751"}],"wp:term":[{"taxonomy":"product_brand","embeddable":true,"href":"https:\/\/rostudio.lv\/lv\/wp-json\/wp\/v2\/product_brand?post=4751"},{"taxonomy":"product_cat","embeddable":true,"href":"https:\/\/rostudio.lv\/lv\/wp-json\/wp\/v2\/product_cat?post=4751"},{"taxonomy":"product_tag","embeddable":true,"href":"https:\/\/rostudio.lv\/lv\/wp-json\/wp\/v2\/product_tag?post=4751"}],"curies":[{"name":"wp","href":"https:\/\/api.w.org\/{rel}","templated":true}]}}