{"id":4742,"date":"2025-03-28T14:20:43","date_gmt":"2025-03-28T12:20:43","guid":{"rendered":"https:\/\/rostudio.lv\/shop\/kede-nr-1\/"},"modified":"2025-03-28T14:20:43","modified_gmt":"2025-03-28T12:20:43","slug":"kede-nr-1","status":"publish","type":"product","link":"https:\/\/rostudio.lv\/lv\/shop\/kede-nr-1\/","title":{"rendered":"\u0136\u0112DE Nr. 1"},"content":{"rendered":"","protected":false},"excerpt":{"rendered":"<p>Iepaz\u012bstin\u0101m ar m\u016bsu roku darba sudraba stie\u0146u \u0137\u0113di \u2013 unik\u0101lais dizains ietver pam\u012b\u0161us sudraba stie\u0146us divos da\u017e\u0101dos garumos, radot dinamisku, bet l\u012bdzsvarotu izskatu.<\/p>\n<p>R\u016bp\u012bgi izgatavota no augstas kvalit\u0101tes sudraba, \u0137\u0113de pied\u0101v\u0101 gludu, minim\u0101lisma est\u0113tiku, kas papildina jebkuru ap\u0123\u0113rbu \u2013 valk\u0101jiet to vienu pa\u0161u, lai ieg\u016btu izsmalcin\u0101tu piesk\u0101rienu, vai sl\u0101\u0146ojiet to, lai ieg\u016btu drosm\u012bgu stilu, \u0161is daudzpus\u012bgais izstr\u0101d\u0101jums ir lieliski piem\u0113rots tiem, kas nov\u0113rt\u0113 m\u016bsdienu eleganci.<\/p>\n","protected":false},"featured_media":3451,"template":"","meta":[],"product_brand":[],"product_cat":[219,177],"product_tag":[],"class_list":{"0":"post-4742","1":"product","2":"type-product","3":"status-publish","4":"has-post-thumbnail","6":"product_cat-kedes","7":"product_cat-visas-rotaslietas","9":"first","10":"instock","11":"sold-individually","12":"taxable","13":"shipping-taxable","14":"purchasable","15":"product-type-variable","16":"has-default-attributes","17":"layout-style-2","18":"col-md-4 col-sm-4 col-xs-6","19":"col-lg-3","20":"product-style-quickview"},"_links":{"self":[{"href":"https:\/\/rostudio.lv\/lv\/wp-json\/wp\/v2\/product\/4742","targetHints":{"allow":["GET"]}}],"collection":[{"href":"https:\/\/rostudio.lv\/lv\/wp-json\/wp\/v2\/product"}],"about":[{"href":"https:\/\/rostudio.lv\/lv\/wp-json\/wp\/v2\/types\/product"}],"wp:featuredmedia":[{"embeddable":true,"href":"https:\/\/rostudio.lv\/lv\/wp-json\/wp\/v2\/media\/3451"}],"wp:attachment":[{"href":"https:\/\/rostudio.lv\/lv\/wp-json\/wp\/v2\/media?parent=4742"}],"wp:term":[{"taxonomy":"product_brand","embeddable":true,"href":"https:\/\/rostudio.lv\/lv\/wp-json\/wp\/v2\/product_brand?post=4742"},{"taxonomy":"product_cat","embeddable":true,"href":"https:\/\/rostudio.lv\/lv\/wp-json\/wp\/v2\/product_cat?post=4742"},{"taxonomy":"product_tag","embeddable":true,"href":"https:\/\/rostudio.lv\/lv\/wp-json\/wp\/v2\/product_tag?post=4742"}],"curies":[{"name":"wp","href":"https:\/\/api.w.org\/{rel}","templated":true}]}}