{"id":4737,"date":"2025-03-28T18:38:14","date_gmt":"2025-03-28T16:38:14","guid":{"rendered":"https:\/\/rostudio.lv\/shop\/aproce-nr-3\/"},"modified":"2025-03-28T18:38:14","modified_gmt":"2025-03-28T16:38:14","slug":"aproce-nr-3","status":"publish","type":"product","link":"https:\/\/rostudio.lv\/lv\/shop\/aproce-nr-3\/","title":{"rendered":"APROCE Nr. 3"},"content":{"rendered":"","protected":false},"excerpt":{"rendered":"<p>\u0160\u012b rok\u0101m darin\u0101t\u0101 aproce ir paredz\u0113ta tiem, kas nov\u0113rt\u0113 sp\u0113c\u012bgu un m\u016b\u017e\u012bgu stilu. Tai ir iespaid\u012bgas, lielizm\u0113ra sudraba saites, kas veido izteiksm\u012bgu rotaslietu, kur\u0101 m\u016bsdien\u012bgums apvienots ar klasisku eleganci. N\u0113s\u0101jot atsevi\u0161\u0137i vai kombin\u0113jot ar cit\u0101m rot\u0101m, \u0161\u012b aproce jebkuram t\u0113lam pie\u0161\u0137irs izsmalcin\u0101t\u012bbu.<\/p>\n","protected":false},"featured_media":3482,"template":"","meta":[],"product_brand":[],"product_cat":[217,177],"product_tag":[],"class_list":{"0":"post-4737","1":"product","2":"type-product","3":"status-publish","4":"has-post-thumbnail","6":"product_cat-aproces","7":"product_cat-visas-rotaslietas","9":"first","10":"instock","11":"sold-individually","12":"taxable","13":"shipping-taxable","14":"purchasable","15":"product-type-variable","16":"layout-style-2","17":"col-md-4 col-sm-4 col-xs-6","18":"col-lg-3","19":"product-style-quickview"},"_links":{"self":[{"href":"https:\/\/rostudio.lv\/lv\/wp-json\/wp\/v2\/product\/4737","targetHints":{"allow":["GET"]}}],"collection":[{"href":"https:\/\/rostudio.lv\/lv\/wp-json\/wp\/v2\/product"}],"about":[{"href":"https:\/\/rostudio.lv\/lv\/wp-json\/wp\/v2\/types\/product"}],"wp:featuredmedia":[{"embeddable":true,"href":"https:\/\/rostudio.lv\/lv\/wp-json\/wp\/v2\/media\/3482"}],"wp:attachment":[{"href":"https:\/\/rostudio.lv\/lv\/wp-json\/wp\/v2\/media?parent=4737"}],"wp:term":[{"taxonomy":"product_brand","embeddable":true,"href":"https:\/\/rostudio.lv\/lv\/wp-json\/wp\/v2\/product_brand?post=4737"},{"taxonomy":"product_cat","embeddable":true,"href":"https:\/\/rostudio.lv\/lv\/wp-json\/wp\/v2\/product_cat?post=4737"},{"taxonomy":"product_tag","embeddable":true,"href":"https:\/\/rostudio.lv\/lv\/wp-json\/wp\/v2\/product_tag?post=4737"}],"curies":[{"name":"wp","href":"https:\/\/api.w.org\/{rel}","templated":true}]}}